{"id":2457,"date":"2022-09-07T17:05:11","date_gmt":"2022-09-07T15:05:11","guid":{"rendered":"https:\/\/www.kretaleven.nl\/?page_id=2457"},"modified":"2024-04-17T09:16:31","modified_gmt":"2024-04-17T07:16:31","slug":"ons-leven-op-kreta","status":"publish","type":"page","link":"https:\/\/www.kretaleven.nl\/de\/new\/ons-leven-op-kreta\/","title":{"rendered":"Ons leven op Kreta"},"content":{"rendered":"<style type=\"text\/css\" data-created_by=\"avia_inline_auto\" id=\"style-css-av-l7rr4urk-a5a7fd66fda4d6a654f7406bba359cf5\">\n.flex_column.av-l7rr4urk-a5a7fd66fda4d6a654f7406bba359cf5{\n-webkit-border-radius:0px 0px 0px 0px;\n-moz-border-radius:0px 0px 0px 0px;\nborder-radius:0px 0px 0px 0px;\npadding:120px 30px 220px 0px;\nbackground:url(https:\/\/www.kretaleven.nl\/wp-content\/uploads\/2022\/11\/Afbeelding2.png) 50% 50% no-repeat scroll ;\n}\n<\/style>\n<div  class='flex_column av-l7rr4urk-a5a7fd66fda4d6a654f7406bba359cf5 av_one_full  avia-builder-el-0  el_before_av_one_full  avia-builder-el-first  first flex_column_div avia-full-stretch'     ><\/div>\n\n<style type=\"text\/css\" data-created_by=\"avia_inline_auto\" id=\"style-css-av-118kift-b044901a33c8121e4a9f8c6f0523c959\">\n.flex_column.av-118kift-b044901a33c8121e4a9f8c6f0523c959{\n-webkit-border-radius:0px 0px 0px 0px;\n-moz-border-radius:0px 0px 0px 0px;\nborder-radius:0px 0px 0px 0px;\npadding:30px 0px 30px 0px;\n}\n<\/style>\n<div  class='flex_column av-118kift-b044901a33c8121e4a9f8c6f0523c959 av_one_full  avia-builder-el-1  el_after_av_one_full  el_before_av_one_full  first flex_column_div  column-top-margin'     ><section  class='av_textblock_section av-3llwkp-d046d838ec97f82fc61203aa124457a6'   itemscope=\"itemscope\" itemtype=\"https:\/\/schema.org\/CreativeWork\" ><div class='avia_textblock'  itemprop=\"text\" ><h2><span style=\"color: #859aa0;\">WIR SIND EVA UND J\u00d6RN,<\/span><\/h2>\n<p>die Initiatoren und Eigent\u00fcmer von KretaLeven und Kretaolijfolie und Eltern von vier erwachsenen Kindern. Unsere Rucks\u00e4cke sind  mit vielen Sch\u00e4tzen und Begegnungen gef\u00fcllt, die wir auf unseren Lebens- und Berufswegen sammeln durften. So verf\u00fcgen wir \u00fcber verschiedene tools und umfangreiche Erfahrungen, um ein liebevolles und verbundenes Miteinander Form und Inhalt zu geben.<\/p>\n<p>In onze praktijk aan huis in Nederland begeleiden we mensen individueel vanuit onze professie, <a href=\"https:\/\/www.kretaleven.nl\/de\/new\/over-eva\/\">Eva haupts\u00e4chlich als EMDR-Therapeutin<\/a> und <a href=\"https:\/\/www.kretaleven.nl\/de\/new\/over-jorn-hengstenberg\/\">J\u00f6rn als biografisch systemischer Coach.<\/a>.<\/p>\n<p>Naast deze kortlopende coachingstrajecten bieden we reizen naar Kreta aan, waar liefdevol en verdiepend gewerkt wordt aan individuele ontwikkelingsvragen. Het werkt als voeding voor de eigen levensvreugde en levenskwaliteit om uit de dagelijkse routine te stappen en letterlijk met ons op reis te gaan.<\/p>\n<p><img loading=\"lazy\" decoding=\"async\" class=\"aligncenter size-full wp-image-679\" src=\"https:\/\/www.kretaleven.nl\/wp-content\/uploads\/2020\/10\/20200908_094340.jpg\" alt=\"\" width=\"726\" height=\"400\" srcset=\"https:\/\/www.kretaleven.nl\/wp-content\/uploads\/2020\/10\/20200908_094340.jpg 726w, https:\/\/www.kretaleven.nl\/wp-content\/uploads\/2020\/10\/20200908_094340-300x165.jpg 300w, https:\/\/www.kretaleven.nl\/wp-content\/uploads\/2020\/10\/20200908_094340-705x388.jpg 705w\" sizes=\"(max-width: 726px) 100vw, 726px\" \/><\/p>\n<p>Al meer dan 12 jaar komen we regelmatig naar Kreta. We droomden van een heilzame plek voor ontmoeting en inspiratie te midden van de voedende natuur en overvloedige cultuur. We hebben in de zomer van 2022 een stuk grond gekocht, waar we samen met mensen en voor mensen duurzaam willen gaan bouwen.<\/p>\n<p>An diesem wohltuenden Ort bieten wir einen inspirierenden sozialen Kontext mit authentischen Begegnungen und herzlichen Verbindungen. Hier k\u00f6nnen alte Wunden  heilen und  Sinn und Bedeutung zur\u00fcck gefunden werden. Liebevolle Verbindung ist das Zauberwort, mit dem wir die Welt ver\u00e4ndern.<\/p>\n<p>Omdat niet iedereen zo maar naar Kreta kan komen, brengen wij een stukje Kreta in de vorm van goede voeding naar Nederland. Meerdere keren per jaar sturen we voedzame, natuurlijke en zo veel mogelijk biologische levensmiddelen van Kreta naar Nederland. Naast olijfolie, azijnen, tijmhoning, kruiden, noten en kaas importeren we ook biologisch vers geplukt fruit.\u00a0Zie onze webshop <a href=\"https:\/\/www.kretaolijfolie.nl\/\" target=\"_blank\" rel=\"noopener\">Kretaolijfolie<\/a>.<\/p>\n<p><img loading=\"lazy\" decoding=\"async\" class=\"wp-image-1246 aligncenter\" src=\"https:\/\/www.kretaleven.nl\/wp-content\/uploads\/2021\/11\/Balsamico-Sinaasappel-1.png\" alt=\"\" width=\"547\" height=\"547\" srcset=\"https:\/\/www.kretaleven.nl\/wp-content\/uploads\/2021\/11\/Balsamico-Sinaasappel-1.png 400w, https:\/\/www.kretaleven.nl\/wp-content\/uploads\/2021\/11\/Balsamico-Sinaasappel-1-300x300.png 300w, https:\/\/www.kretaleven.nl\/wp-content\/uploads\/2021\/11\/Balsamico-Sinaasappel-1-80x80.png 80w, https:\/\/www.kretaleven.nl\/wp-content\/uploads\/2021\/11\/Balsamico-Sinaasappel-1-36x36.png 36w, https:\/\/www.kretaleven.nl\/wp-content\/uploads\/2021\/11\/Balsamico-Sinaasappel-1-180x180.png 180w\" sizes=\"(max-width: 547px) 100vw, 547px\" \/><\/p>\n<\/div><\/section><\/div>\n<style type=\"text\/css\" data-created_by=\"avia_inline_auto\" id=\"style-css-av-apn5k9-5e3dae505fac056b3cd1e2b8df78359d\">\n.flex_column.av-apn5k9-5e3dae505fac056b3cd1e2b8df78359d{\n-webkit-border-radius:0px 0px 0px 0px;\n-moz-border-radius:0px 0px 0px 0px;\nborder-radius:0px 0px 0px 0px;\npadding:0px 0px 0px 0px;\nbackground:url(https:\/\/www.kretaleven.nl\/wp-content\/uploads\/2022\/09\/olijf-e1662391472542.png) 100% 100% no-repeat scroll ;\n}\n<\/style>\n<div  class='flex_column av-apn5k9-5e3dae505fac056b3cd1e2b8df78359d av_one_full  avia-builder-el-3  el_after_av_one_full  avia-builder-el-last  first flex_column_div av-zero-column-padding  column-top-margin'     ><p>\n<style type=\"text\/css\" data-created_by=\"avia_inline_auto\" id=\"style-css-av-ew3qh-386a1af9746129ca33570b9272229b95\">\n#top .hr.hr-invisible.av-ew3qh-386a1af9746129ca33570b9272229b95{\nheight:60px;\n}\n<\/style>\n<div  class='hr av-ew3qh-386a1af9746129ca33570b9272229b95 hr-invisible  avia-builder-el-4  el_before_av_buttonrow  avia-builder-el-first'><span class='hr-inner'><span class=\"hr-inner-style\"><\/span><\/span><\/div><br \/>\n<div  class='avia-buttonrow-wrap av-9rrdix-526485929cd856a1b19f917e9f64fead avia-buttonrow-center  avia-builder-el-5  el_after_av_hr  el_before_av_hr'>\n\n<style type=\"text\/css\" data-created_by=\"avia_inline_auto\" id=\"style-css-av-85k1fd-5cf87b1c4e8881365b29599003331eb5\">\n#top #wrap_all .avia-button.av-85k1fd-5cf87b1c4e8881365b29599003331eb5{\nbackground-color:#93843f;\nborder-color:#ffffff;\nborder-style:solid;\nborder-width:2px 2px 2px 2px;\nbox-shadow: 0px 0px 40px 0px #9b9b9b;\n-webkit-transition:all 0.4s ease-in-out;\n-moz-transition:all 0.4s ease-in-out;\n-ms-transition:all 0.4s ease-in-out;\n-o-transition:all 0.4s ease-in-out;\ntransition:all 0.4s ease-in-out;\nmargin-bottom:13px;\nmargin-right:7px;\nmargin-left:7px;\n}\n#top #wrap_all .avia-button.av-85k1fd-5cf87b1c4e8881365b29599003331eb5:hover{\nbackground-color:white;\ncolor:black;\n-webkit-transition:all 0.4s ease-in-out;\n-moz-transition:all 0.4s ease-in-out;\n-ms-transition:all 0.4s ease-in-out;\n-o-transition:all 0.4s ease-in-out;\ntransition:all 0.4s ease-in-out;\n}\n<\/style>\n<a href='https:\/\/www.kretaleven.nl\/de\/new\/#contact'  class='avia-button av-85k1fd-5cf87b1c4e8881365b29599003331eb5 avia-icon_select-no avia-size-large avia-font-color-theme-color'  ><span class='avia_iconbox_title' >KONTAKT<\/span><\/a>\n\n<style type=\"text\/css\" data-created_by=\"avia_inline_auto\" id=\"style-css-av-5jejtl-a60b204f78a7834309d0fadf630b2739\">\n#top #wrap_all .avia-button.av-5jejtl-a60b204f78a7834309d0fadf630b2739{\nborder-style:solid;\nborder-width:2px 2px 2px 2px;\nborder-color:#bcac51;\nbox-shadow: 0px 0px 40px 0px #9b9b9b;\n-webkit-transition:all 0.4s ease-in-out;\n-moz-transition:all 0.4s ease-in-out;\n-ms-transition:all 0.4s ease-in-out;\n-o-transition:all 0.4s ease-in-out;\ntransition:all 0.4s ease-in-out;\nmargin-bottom:13px;\nmargin-right:7px;\nmargin-left:7px;\n}\n#top #wrap_all .avia-button.av-5jejtl-a60b204f78a7834309d0fadf630b2739:hover{\ncolor:#e8b643;\n-webkit-transition:all 0.4s ease-in-out;\n-moz-transition:all 0.4s ease-in-out;\n-ms-transition:all 0.4s ease-in-out;\n-o-transition:all 0.4s ease-in-out;\ntransition:all 0.4s ease-in-out;\n}\n<\/style>\n<a href='https:\/\/www.kretaleven.nl\/de\/new\/'  class='avia-button av-5jejtl-a60b204f78a7834309d0fadf630b2739 avia-icon_select-no avia-size-large avia-color-white avia-font-color-black'  ><span class='avia_iconbox_title' >HOME<\/span><span class='avia_button_background avia-button avia-color-light' ><\/span><\/a>\n<\/div><br \/>\n\n<style type=\"text\/css\" data-created_by=\"avia_inline_auto\" id=\"style-css-av-2mxel5-386bbfc5ebc3e42bd7b77a7420b0fbc9\">\n#top .hr.hr-invisible.av-2mxel5-386bbfc5ebc3e42bd7b77a7420b0fbc9{\nheight:60px;\n}\n<\/style>\n<div  class='hr av-2mxel5-386bbfc5ebc3e42bd7b77a7420b0fbc9 hr-invisible  avia-builder-el-6  el_after_av_buttonrow  avia-builder-el-last'><span class='hr-inner'><span class=\"hr-inner-style\"><\/span><\/span><\/div><\/p><\/div><\/p>","protected":false},"excerpt":{"rendered":"","protected":false},"author":2,"featured_media":0,"parent":2263,"menu_order":0,"comment_status":"closed","ping_status":"closed","template":"","meta":{"footnotes":""},"_links":{"self":[{"href":"https:\/\/www.kretaleven.nl\/de\/wp-json\/wp\/v2\/pages\/2457"}],"collection":[{"href":"https:\/\/www.kretaleven.nl\/de\/wp-json\/wp\/v2\/pages"}],"about":[{"href":"https:\/\/www.kretaleven.nl\/de\/wp-json\/wp\/v2\/types\/page"}],"author":[{"embeddable":true,"href":"https:\/\/www.kretaleven.nl\/de\/wp-json\/wp\/v2\/users\/2"}],"replies":[{"embeddable":true,"href":"https:\/\/www.kretaleven.nl\/de\/wp-json\/wp\/v2\/comments?post=2457"}],"version-history":[{"count":23,"href":"https:\/\/www.kretaleven.nl\/de\/wp-json\/wp\/v2\/pages\/2457\/revisions"}],"predecessor-version":[{"id":3222,"href":"https:\/\/www.kretaleven.nl\/de\/wp-json\/wp\/v2\/pages\/2457\/revisions\/3222"}],"up":[{"embeddable":true,"href":"https:\/\/www.kretaleven.nl\/de\/wp-json\/wp\/v2\/pages\/2263"}],"wp:attachment":[{"href":"https:\/\/www.kretaleven.nl\/de\/wp-json\/wp\/v2\/media?parent=2457"}],"curies":[{"name":"wp","href":"https:\/\/api.w.org\/{rel}","templated":true}]}}