{"id":2548,"date":"2022-11-24T21:26:06","date_gmt":"2022-11-24T20:26:06","guid":{"rendered":"https:\/\/www.kretaleven.nl\/?page_id=2548"},"modified":"2024-04-17T09:24:02","modified_gmt":"2024-04-17T07:24:02","slug":"retraites-workshops-coaching-healing-op-kreta","status":"publish","type":"page","link":"https:\/\/www.kretaleven.nl\/de\/new\/ons-aanbod\/retraites-workshops-coaching-healing-op-kreta\/","title":{"rendered":"Retraites Workshops Coaching Healing op Kreta"},"content":{"rendered":"<style type=\"text\/css\" data-created_by=\"avia_inline_auto\" id=\"style-css-av-m68jus-984c592703b08946b82f2e1a572912d0\">\n.flex_column.av-m68jus-984c592703b08946b82f2e1a572912d0{\n-webkit-border-radius:0px 0px 0px 0px;\n-moz-border-radius:0px 0px 0px 0px;\nborder-radius:0px 0px 0px 0px;\npadding:120px 30px 120px 30px;\nbackground:url(https:\/\/www.kretaleven.nl\/wp-content\/uploads\/2020\/11\/Zonsopgang.jpeg) 50% 50% no-repeat scroll ;\n}\n<\/style>\n<div  class='flex_column av-m68jus-984c592703b08946b82f2e1a572912d0 av_one_full  avia-builder-el-0  el_before_av_one_full  avia-builder-el-first  first flex_column_div avia-full-stretch'     ><p><section  class='av_textblock_section av-lh725g-28daac1c3097d283762f04f2eba3ed78'   itemscope=\"itemscope\" itemtype=\"https:\/\/schema.org\/CreativeWork\" ><div class='avia_textblock'  itemprop=\"text\" ><p><span style=\"color: #ffffff;\"><span style=\"font-size: 300%;\">Unser Angebot<\/span><\/span><\/p>\n<\/div><\/section><br \/>\n\n<style type=\"text\/css\" data-created_by=\"avia_inline_auto\" id=\"style-css-av-5u452c-55964734a5fdda41ca0e440262d7d76c\">\n#top .hr.hr-invisible.av-5u452c-55964734a5fdda41ca0e440262d7d76c{\nheight:150px;\n}\n<\/style>\n<div  class='hr av-5u452c-55964734a5fdda41ca0e440262d7d76c hr-invisible  avia-builder-el-2  el_after_av_textblock  avia-builder-el-last'><span class='hr-inner'><span class=\"hr-inner-style\"><\/span><\/span><\/div><\/p><\/div>\n\n<style type=\"text\/css\" data-created_by=\"avia_inline_auto\" id=\"style-css-av-fhzaec-c219b554106eba57686341cc3af720c7\">\n.flex_column.av-fhzaec-c219b554106eba57686341cc3af720c7{\n-webkit-border-radius:0px 0px 0px 0px;\n-moz-border-radius:0px 0px 0px 0px;\nborder-radius:0px 0px 0px 0px;\npadding:30px 0px 30px 0px;\n}\n<\/style>\n<div  class='flex_column av-fhzaec-c219b554106eba57686341cc3af720c7 av_one_full  avia-builder-el-3  el_after_av_one_full  el_before_av_one_full  first flex_column_div  column-top-margin'     ><section  class='av_textblock_section av-laviuaet-fe9c808236a175bc56b69b396526a066'   itemscope=\"itemscope\" itemtype=\"https:\/\/schema.org\/CreativeWork\" ><div class='avia_textblock'  itemprop=\"text\" ><h2><span style=\"color: #859aa0;\">Retraites<\/span><\/h2>\n<h4><span style=\"color: #859aa0;\">ZUR PERS\u00d6NLICHEN ENTWICKLUNG<\/span><\/h4>\n<p>Wir organisieren Reisen zur Pers\u00f6nlichkeitsentwicklung. Nahe der Nordk\u00fcste und des Meeres kommt der ruhesuchende Naturliebhaber voll auf seine Kosten. Eine Woche bei uns auf Kreta zu sein und sich bewusst vom Alltag zu l\u00f6sen, bietet die M\u00f6glichkeit, aus einer anderen Perspektive zu schauen, ein neues Licht auf sein Leben zu werfen und zu neuen Ideen zu kommen.<\/p>\n<p>Wir begr\u00fc\u00dfen Menschen in unserem Zuhause auf Kreta, um das Leben mit uns zu teilen und Inspirationsprozesse auf verschiedenste Weise zu gestalten. Die Erfahrung zeigt, dass die Einbettung in einen gesunden Lebensfluss, gleichberechtigt und verbunden mit dem Ort und miteinander, sowie die schier unendliche Zeit und Stille, gute Zutaten sind f\u00fcr ein erweitertes Bewusstsein und tiefergehende Einsichten.<\/p>\n<p>Wir k\u00f6nnen je nach Wunsch aus NLP, Transaktionsanalyse, energetischer und systemischer Arbeit, EMDR, \u00e4usseren Anwendungen und Sound of Soul sch\u00f6pfen . Es sind vor allem Wochen tiefer Lebensfreude und geteilten Gl\u00fccks. Bist du neugierig auf die bevorstehenden Retraites? (Link zum Jahreskalender) <a href=\"https:\/\/www.kretaleven.nl\/de\/new\/agenda-kretaleven\/\">die bevorstehenden Retraites<\/a>?<\/p>\n<\/div><\/section><br \/>\n<section  class='av_textblock_section av-luprz9v0-3a57cf66fe0e74e34a68105d1f686ce0'   itemscope=\"itemscope\" itemtype=\"https:\/\/schema.org\/CreativeWork\" ><div class='avia_textblock'  itemprop=\"text\" ><h2><\/h2>\n<h2><span style=\"color: #859aa0;\">Reisen f\u00fcr Professionals<\/span><\/h2>\n<h4><span style=\"color: #859aa0;\">KRETA F\u00dcR ARBEITSBEZOGENE ENTWICKLUNG<\/span><\/h4>\n<p>Wir organisieren 8-t\u00e4gige Kreta Seminarwochen f\u00fcr Kollegen in sozialen und p\u00e4dagogischen Arbeitsfeldern und im Schulbetrieb.<\/p>\n<p>Erkennst Du dies? <em>Immer das Gleiche, immer die selben Menschen mit den selben Problemen! - Wieso passiert mir stets dasselbe in meinem Team? - Was schade, dass dieser junge Kollege seiner Aufgabe nicht gewachsen ist! - Was passiert hier in unserer Kommunikation? -Was hat das mit mir zu tun? - Warum macht mich dieser Kollege, dieser Vater, dieses Kind so an? - Was sind die darunterliegenden Muster, die mir aus aus anderen Situationen so gut bekannt sind? - Und noch wichtiger: wie komme ich hier wieder heraus? - Und vor allem: Welche Bed\u00fcrfnisse habe ich (als F\u00fchrungsperson) in solchen Momenten?<\/em><\/p>\n<p>Ein Beispiel aus dem Schulalltag:<\/p>\n<p>Neulich stellte ein Schuldirektor in einer Organisationsaufstellung die Frage:\"Was ist die Ursache daf\u00fcr, dass ich mich stets wieder konfrontiert sehe mit denselben Kollegen und deren negativen Verhalten? - Warum f\u00fchlt sich diese Kollegin nicht gesehen, obwohl ich wirklich alles daran tue um sie mit in's Team zu bekommen? - Es scheint fast so als ob alte verrostete Muster meine Arbeit unm\u00f6glich machen! Ist das meine Schuld oder liegt es an dem Kollegen? Was ist das doch?\" - In dieser systemischen Aufstellung wurde ersichtlich, wie verstrickt und gebunden \u00e4ltere Kollegen waren an  den l\u00e4ngst pensionierten Schulgr\u00fcnder. Das Vergangene musste erst vollst\u00e4ndig angesehen und geehrt werden und wertgesch\u00e4tzt werden mit allem Guten und Schlechten. Somit \u00f6ffnete sich der Raum, dass die einzelnen Kollegen sich gesehen und wertgesch\u00e4tzt f\u00fchlten. Erst danach konnten diese Kollegen gemeinsam mit dem neuen Schuldirektor an der Zukunft der Schule arbeiten.<\/p>\n<p>Komme mit Deinen Kollegen, Deiner Intervision\/Supervision\/Arbeitsgruppe nach Kreta und tauche nicht allein in die t\u00fcrkisfarbene See, sondern auch in die Welt systemischer Aufstellungen, NLP, Transaktionelle Analyse und noch viel mehr. Erkenne Deine eigenen Verhaltensmuster, die Einfluss haben auf jeden Kontakt mit Deinen Kollegen in Deinem Berufsfeld.<\/p>\n<p>Eine Woche gemeinsam mit uns auf Kreta bedeutet bewust Abstand nehmen von der t\u00e4glichen Arbeit und die eigene Energie wieder zur\u00fcckfinden. Du wirst zuhause ausgeruhter an die Arbeit gehen, weniger Stress erfahren, weil Du mit mehr Bewusstsein in Deiner Arbeit stehst.<\/p>\n<p>Bist Du interessiert? <a href=\"https:\/\/www.kretaleven.nl\/de\/new\/#contact\" target=\"_blank\" rel=\"noopener\">Nimm Kontakt<\/a> mit uns auf f\u00fcr mehr Information. Lust auf\u00a0<a href=\"https:\/\/www.kretaleven.nl\/de\/new\/agenda-kretaleven\/\">unsere n\u00e4chsten Reisen<\/a>?<\/p>\n<\/div><\/section><br \/>\n<section  class='av_textblock_section av-lups92s3-853cc852a4d9dcfe9137978a17c3c455'   itemscope=\"itemscope\" itemtype=\"https:\/\/schema.org\/CreativeWork\" ><div class='avia_textblock'  itemprop=\"text\" ><h2><\/h2>\n<h2><span style=\"color: #859aa0;\">KretaLeben f\u00fcr Dich und mich<\/span><\/h2>\n<h4><span style=\"color: #859aa0;\">REISEN F\u00dcR RELATIONELLE ENTWICKLUNG<\/span><\/h4>\n<p><em>Wir lieben einander! - Was haben wir viel miteinander geteilt! - Wo sind wir jetzt schon wieder gelandet? - Was spielt doch (wieder) zwischen uns? - Wie kommen wir hier wieder raus? - Ich will so gerne mit Dir...naja...wie dann? - Und willst Du noch mit mir? - Bleiben wir noch beieinander?<\/em><\/p>\n<p>Ob als Partner, oder als Eltern und Kind: Wir laden Euch ein, um gemeinsam nach Kreta zu kommen!\nSeid herzlich willkommen in unserem KretaLeben!<\/p>\n<p>Unbefangen Altes aufr\u00e4umen, Reine machen, in der See absp\u00fclen, oder Altlasten in die Berge tragen... - Entdecke einander auf's Neue in der Stille der Natur. - ' Es ist immer die Liebe die heilt' - \nDiese Woche l\u00e4dt Euch ein, um Raum zu machen f\u00fcr das, was Euch miteinander verbindet, ohne einander loslassen zu m\u00fcssen.<\/p>\n<p>Wenn Euch dies anspricht, nimm dann <a href=\"https:\/\/www.kretaleven.nl\/de\/new\/#contact\" target=\"_blank\" rel=\"noopener\">Nimm Kontakt<\/a> mit uns auf. Bist Du interessiert in unsere\u00a0<a href=\"https:\/\/www.kretaleven.nl\/de\/new\/agenda-kretaleven\/\">unsere n\u00e4chsten Reisen<\/a>?<\/p>\n<\/div><\/section><br \/>\n\n<style type=\"text\/css\" data-created_by=\"avia_inline_auto\" id=\"style-css-av-4t5c44-4732dc7d1bec75aeeb82d820aa816c4f\">\n#top .hr.hr-invisible.av-4t5c44-4732dc7d1bec75aeeb82d820aa816c4f{\nheight:30px;\n}\n<\/style>\n<div  class='hr av-4t5c44-4732dc7d1bec75aeeb82d820aa816c4f hr-invisible  avia-builder-el-7  el_after_av_textblock  el_before_av_textblock'><span class='hr-inner'><span class=\"hr-inner-style\"><\/span><\/span><\/div><br \/>\n<section  class='av_textblock_section av-laviwd75-9de26aeb414106ac6d099fb0ed2d9e0a'   itemscope=\"itemscope\" itemtype=\"https:\/\/schema.org\/CreativeWork\" ><div class='avia_textblock'  itemprop=\"text\" ><h2><span style=\"color: #859aa0;\">Workshops<\/span><\/h2>\n<p>In den Niederlanden veranstalten wir regelm\u00e4\u00dfig Workshops in Wohnzimmeratmosph\u00e4re, also f\u00fcr maximal 10 Personen, mit verschiedenen kreativen Arbeitsmethoden, systemischen Aufstellungen und Sound of Soul.<\/p>\n<p>Diese Workshops sind auch mit unseren Reisen nach Kreta verbunden.<\/p>\n<p>Sieh in <a href=\"https:\/\/www.kretaleven.nl\/de\/new\/agenda-kretaleven\/\">unseren Kalender<\/a> wann unsere Workshops stattfinden.<\/p>\n<\/div><\/section><br \/>\n\n<style type=\"text\/css\" data-created_by=\"avia_inline_auto\" id=\"style-css-av-2mkbz8-6988a2a2fc83c774a41b940711992d13\">\n#top .hr.hr-invisible.av-2mkbz8-6988a2a2fc83c774a41b940711992d13{\nheight:30px;\n}\n<\/style>\n<div  class='hr av-2mkbz8-6988a2a2fc83c774a41b940711992d13 hr-invisible  avia-builder-el-9  el_after_av_textblock  el_before_av_textblock'><span class='hr-inner'><span class=\"hr-inner-style\"><\/span><\/span><\/div><br \/>\n<section  class='av_textblock_section av-lavixqat-7421d9b9cdb67c3914c47a0754015716'   itemscope=\"itemscope\" itemtype=\"https:\/\/schema.org\/CreativeWork\" ><div class='avia_textblock'  itemprop=\"text\" ><h2><span style=\"color: #859aa0;\">INDIVIDUELLES COACHING<\/span><\/h2>\n<p>Mit unserer langj\u00e4hrigen Erfahrung im psychosozialen Bereich heissen wir Dich bei Eva oder J\u00f6rn, oder bei uns zusammen, f\u00fcr individuelles Coaching herzlich willkommen. Auch arbeiten wir gerne interdisziplin\u00e4r mit Kollegen aus unserem Netzwerk zusammen.<\/p>\n<p>Wir begr\u00fc\u00dfen Sie von ganzem Herzen!<\/p>\n<\/div><\/section><br \/>\n\n<style type=\"text\/css\" data-created_by=\"avia_inline_auto\" id=\"style-css-av-lavj2ax0-deb306f35e451d6b91dfa00e6218e556\">\n#top .hr.hr-invisible.av-lavj2ax0-deb306f35e451d6b91dfa00e6218e556{\nheight:30px;\n}\n<\/style>\n<div  class='hr av-lavj2ax0-deb306f35e451d6b91dfa00e6218e556 hr-invisible  avia-builder-el-11  el_after_av_textblock  el_before_av_textblock'><span class='hr-inner'><span class=\"hr-inner-style\"><\/span><\/span><\/div><br \/>\n<section  class='av_textblock_section av-laviyjhu-1624066027295f55fc22118f73bba1d3'   itemscope=\"itemscope\" itemtype=\"https:\/\/schema.org\/CreativeWork\" ><div class='avia_textblock'  itemprop=\"text\" ><h2><span style=\"color: #859aa0;\">Sond of\u00a0 Soul<\/span><\/h2>\n<p>Erlebe den Klang und die Farbe Deines Herzens basierend auf der Herzfrequenzvariabilit\u00e4t. Gleich Dein Nervensystem aus, indem Du Deinen Parasympathikus stimulierst und ihn mit Deiner eigenen Herzensmusik n\u00e4hrst. G\u00f6nne Dir eine Auszeit, Dein K\u00f6rper wird es Dir von ganzem Herzen danken. \n\nDie individuellen Musikst\u00fccke bekommst du als Datei mit, um sie Zuhause so oft wie gewollt anzuh\u00f6ren. Sound of Soul Musik eignet sich zum Meditieren, vor dem Schlafen gehen, bei \u00c4ngsten und Unruhezust\u00e4nden.<\/p>\n<p><a href=\"https:\/\/www.aquaquinta.com\/sound-of-soul\/\" target=\"_blank\" rel=\"noopener\">Sound of Soul van Aquaquinta<\/a> ist in der Lage, die k\u00f6rpereigenen Schwingungen in Klang und Farbe umzuwandeln, basierend auf der st\u00e4ndig variierenden Herzfrequenz Deiner Herzfrequenzvariabilit\u00e4t. Sound of Soul unterst\u00fctzt Deinen K\u00f6rper, um sich selbst wieder ins Gleichgewicht zu bringen und die bestm\u00f6gliche Selbstheilung zu aktivieren.<\/p>\n<p>Das H\u00f6ren und Erleben des eigenen Herzschlags im Hier und Jetzt bewirkt eine innere Befreiung von \u00c4ngsten, Sorgen und Stress. Das Ergebnis ist eine tiefe Entspannung, die von der Freude an der eigenen Melodie begleitet wird. Mit Sound of Soul begegnest Du Dir selbst \u2013 Deinem eigenen Herzschlag \u2013 und Deiner eigenen Kraft in Klang und Farblicht.<\/p>\n<p>Du kannst aus einer Musikbibliothek w\u00e4hlen, welche klassischen Instrumente oder Kl\u00e4nge aus der Natur durch Deine eigene Herzratenvariabilit\u00e4t angespielt werden. Du spielst deine eigene Musik, das hei\u00dft, dein eigenes Herz bestimmt die Kl\u00e4nge und die Melodie mit seinen eigenen Schwingungen.<\/p>\n<p>Du wirst dir der Tatsache bewusst, dass die Schwingungen deines Herzens und damit die Melodie deiner Herzmusik und dein Herzschlag einmalig und einzigartig sind. Sound of Soul unterst\u00fctzt unser Coaching und unsere therapeutische Begleitung.<\/p>\n<p>Zwei Herzen stimmen immer harmonisch aufeinander ab. Indem man zwei Herzen gleichzeitig zum Klingen bringt, ist es m\u00f6glich, zwei Menschen sowie Partner, Eltern und Kind, in Klang und Farbe wahrzunehmen und sich auf diese Weise positiv zu erleben. Diese Harmonie der Herzen funktioniert \u2018ohne Worte\u2019 direkt von Herz zu Herz.<\/p>\n<p>Neugierig auf mehr? Bitte nimm <a href=\"https:\/\/www.kretaleven.nl\/de\/new\/#contact\" target=\"_blank\" rel=\"noopener\">Nimm Kontakt<\/a> mit uns auf.<\/p>\n<\/div><\/section><\/p><\/div>\n<style type=\"text\/css\" data-created_by=\"avia_inline_auto\" id=\"style-css-av-3z8ac-2d4ec8b461844bedfa44c949b1117aca\">\n.flex_column.av-3z8ac-2d4ec8b461844bedfa44c949b1117aca{\n-webkit-border-radius:0px 0px 0px 0px;\n-moz-border-radius:0px 0px 0px 0px;\nborder-radius:0px 0px 0px 0px;\npadding:0px 0px 0px 0px;\nbackground:url(https:\/\/www.kretaleven.nl\/wp-content\/uploads\/2022\/09\/olijf-e1662391472542.png) 100% 100% no-repeat scroll ;\n}\n<\/style>\n<div  class='flex_column av-3z8ac-2d4ec8b461844bedfa44c949b1117aca av_one_full  avia-builder-el-13  el_after_av_one_full  avia-builder-el-last  first flex_column_div av-zero-column-padding  column-top-margin'     ><p>\n<style type=\"text\/css\" data-created_by=\"avia_inline_auto\" id=\"style-css-av-4qh3lw-e0283c80ed9141d40ef0784e00b6d297\">\n#top .hr.hr-invisible.av-4qh3lw-e0283c80ed9141d40ef0784e00b6d297{\nheight:60px;\n}\n<\/style>\n<div  class='hr av-4qh3lw-e0283c80ed9141d40ef0784e00b6d297 hr-invisible  avia-builder-el-14  el_before_av_buttonrow  avia-builder-el-first'><span class='hr-inner'><span class=\"hr-inner-style\"><\/span><\/span><\/div><br \/>\n<div  class='avia-buttonrow-wrap av-9ns79w-5bbfeca16248e74a8ced62df1c9ef0e3 avia-buttonrow-center  avia-builder-el-15  el_after_av_hr  el_before_av_hr'>\n\n<style type=\"text\/css\" data-created_by=\"avia_inline_auto\" id=\"style-css-av-6sjf9g-227c48e31d4349eccc8f9dd1e849b1bc\">\n#top #wrap_all .avia-button.av-6sjf9g-227c48e31d4349eccc8f9dd1e849b1bc{\nbackground-color:#93843f;\nborder-color:#ffffff;\nborder-style:solid;\nborder-width:2px 2px 2px 2px;\nbox-shadow: 0px 0px 40px 0px #9b9b9b;\n-webkit-transition:all 0.4s ease-in-out;\n-moz-transition:all 0.4s ease-in-out;\n-ms-transition:all 0.4s ease-in-out;\n-o-transition:all 0.4s ease-in-out;\ntransition:all 0.4s ease-in-out;\nmargin-bottom:13px;\nmargin-right:7px;\nmargin-left:7px;\n}\n#top #wrap_all .avia-button.av-6sjf9g-227c48e31d4349eccc8f9dd1e849b1bc:hover{\nbackground-color:white;\ncolor:black;\n-webkit-transition:all 0.4s ease-in-out;\n-moz-transition:all 0.4s ease-in-out;\n-ms-transition:all 0.4s ease-in-out;\n-o-transition:all 0.4s ease-in-out;\ntransition:all 0.4s ease-in-out;\n}\n<\/style>\n<a href='https:\/\/www.kretaleven.nl\/de\/new\/#contact'  class='avia-button av-6sjf9g-227c48e31d4349eccc8f9dd1e849b1bc avia-icon_select-no avia-size-large avia-font-color-theme-color'  ><span class='avia_iconbox_title' >KONTAKT<\/span><\/a>\n\n<style type=\"text\/css\" data-created_by=\"avia_inline_auto\" id=\"style-css-av-6giw9w-e13ae06b47e16a67d95c57c0c4322f61\">\n#top #wrap_all .avia-button.av-6giw9w-e13ae06b47e16a67d95c57c0c4322f61{\nborder-style:solid;\nborder-width:2px 2px 2px 2px;\nborder-color:#bcac51;\nbox-shadow: 0px 0px 40px 0px #9b9b9b;\n-webkit-transition:all 0.4s ease-in-out;\n-moz-transition:all 0.4s ease-in-out;\n-ms-transition:all 0.4s ease-in-out;\n-o-transition:all 0.4s ease-in-out;\ntransition:all 0.4s ease-in-out;\nmargin-bottom:13px;\nmargin-right:7px;\nmargin-left:7px;\n}\n#top #wrap_all .avia-button.av-6giw9w-e13ae06b47e16a67d95c57c0c4322f61:hover{\ncolor:#e8b643;\n-webkit-transition:all 0.4s ease-in-out;\n-moz-transition:all 0.4s ease-in-out;\n-ms-transition:all 0.4s ease-in-out;\n-o-transition:all 0.4s ease-in-out;\ntransition:all 0.4s ease-in-out;\n}\n<\/style>\n<a href='https:\/\/www.kretaleven.nl\/de\/new\/'  class='avia-button av-6giw9w-e13ae06b47e16a67d95c57c0c4322f61 avia-icon_select-no avia-size-large avia-color-white avia-font-color-black'  ><span class='avia_iconbox_title' >HOME<\/span><span class='avia_button_background avia-button avia-color-light' ><\/span><\/a>\n<\/div><br \/>\n\n<style type=\"text\/css\" data-created_by=\"avia_inline_auto\" id=\"style-css-av-36epkk-c1ba58a2ab7ca091ed45579c8dbbf165\">\n#top .hr.hr-invisible.av-36epkk-c1ba58a2ab7ca091ed45579c8dbbf165{\nheight:60px;\n}\n<\/style>\n<div  class='hr av-36epkk-c1ba58a2ab7ca091ed45579c8dbbf165 hr-invisible  avia-builder-el-16  el_after_av_buttonrow  avia-builder-el-last'><span class='hr-inner'><span class=\"hr-inner-style\"><\/span><\/span><\/div><\/p><\/div><\/p>","protected":false},"excerpt":{"rendered":"","protected":false},"author":2,"featured_media":0,"parent":2462,"menu_order":0,"comment_status":"closed","ping_status":"closed","template":"","meta":{"footnotes":""},"_links":{"self":[{"href":"https:\/\/www.kretaleven.nl\/de\/wp-json\/wp\/v2\/pages\/2548"}],"collection":[{"href":"https:\/\/www.kretaleven.nl\/de\/wp-json\/wp\/v2\/pages"}],"about":[{"href":"https:\/\/www.kretaleven.nl\/de\/wp-json\/wp\/v2\/types\/page"}],"author":[{"embeddable":true,"href":"https:\/\/www.kretaleven.nl\/de\/wp-json\/wp\/v2\/users\/2"}],"replies":[{"embeddable":true,"href":"https:\/\/www.kretaleven.nl\/de\/wp-json\/wp\/v2\/comments?post=2548"}],"version-history":[{"count":31,"href":"https:\/\/www.kretaleven.nl\/de\/wp-json\/wp\/v2\/pages\/2548\/revisions"}],"predecessor-version":[{"id":3224,"href":"https:\/\/www.kretaleven.nl\/de\/wp-json\/wp\/v2\/pages\/2548\/revisions\/3224"}],"up":[{"embeddable":true,"href":"https:\/\/www.kretaleven.nl\/de\/wp-json\/wp\/v2\/pages\/2462"}],"wp:attachment":[{"href":"https:\/\/www.kretaleven.nl\/de\/wp-json\/wp\/v2\/media?parent=2548"}],"curies":[{"name":"wp","href":"https:\/\/api.w.org\/{rel}","templated":true}]}}