{"id":2563,"date":"2022-11-24T22:02:57","date_gmt":"2022-11-24T21:02:57","guid":{"rendered":"https:\/\/www.kretaleven.nl\/?page_id=2563"},"modified":"2024-04-17T09:27:06","modified_gmt":"2024-04-17T07:27:06","slug":"agenda-kretaleven","status":"publish","type":"page","link":"https:\/\/www.kretaleven.nl\/de\/new\/agenda-kretaleven\/","title":{"rendered":"Agenda KretaLeven"},"content":{"rendered":"<style type=\"text\/css\" data-created_by=\"avia_inline_auto\" id=\"style-css-av-134rxkz-6851c131be888b3be56b6ccb672531dc\">\n.flex_column.av-134rxkz-6851c131be888b3be56b6ccb672531dc{\n-webkit-border-radius:0px 0px 0px 0px;\n-moz-border-radius:0px 0px 0px 0px;\nborder-radius:0px 0px 0px 0px;\npadding:120px 30px 120px 30px;\nbackground:url(https:\/\/www.kretaleven.nl\/wp-content\/uploads\/2022\/11\/Agenda-KretaLeven.jpg) 50% 50% no-repeat scroll ;\n}\n<\/style>\n<div  class='flex_column av-134rxkz-6851c131be888b3be56b6ccb672531dc av_one_full  avia-builder-el-0  el_before_av_one_full  avia-builder-el-first  first flex_column_div avia-full-stretch'     ><section  class='av_textblock_section av-lavjp537-a06b9c0a120edf5f558408caa1ecc016'   itemscope=\"itemscope\" itemtype=\"https:\/\/schema.org\/CreativeWork\" ><div class='avia_textblock'  itemprop=\"text\" ><p><span style=\"color: #ffffff;\"><span style=\"font-size: 300%;\">Termine<\/span><\/span><\/p>\n<\/div><\/section><\/div>\n\n<style type=\"text\/css\" data-created_by=\"avia_inline_auto\" id=\"style-css-av-xqt4er-a3acdaeae15a31a60c63dbcf15a78264\">\n.flex_column.av-xqt4er-a3acdaeae15a31a60c63dbcf15a78264{\n-webkit-border-radius:0px 0px 0px 0px;\n-moz-border-radius:0px 0px 0px 0px;\nborder-radius:0px 0px 0px 0px;\npadding:30px 0px 30px 0px;\n}\n<\/style>\n<div  class='flex_column av-xqt4er-a3acdaeae15a31a60c63dbcf15a78264 av_one_full  avia-builder-el-2  el_after_av_one_full  el_before_av_one_full  first flex_column_div  column-top-margin'     ><p>\n<style type=\"text\/css\" data-created_by=\"avia_inline_auto\" id=\"style-css-av-37sfpf-6be6e933018f98cdf61b412deffadab9\">\n#top .hr.hr-invisible.av-37sfpf-6be6e933018f98cdf61b412deffadab9{\nheight:30px;\n}\n<\/style>\n<div  class='hr av-37sfpf-6be6e933018f98cdf61b412deffadab9 hr-invisible  avia-builder-el-3  el_before_av_textblock  avia-builder-el-first'><span class='hr-inner'><span class=\"hr-inner-style\"><\/span><\/span><\/div><br \/>\n<section  class='av_textblock_section av-lavk8j6v-cec12f44a6d122b0d97836005a68f78f'   itemscope=\"itemscope\" itemtype=\"https:\/\/schema.org\/CreativeWork\" ><div class='avia_textblock'  itemprop=\"text\" ><h3><span style=\"color: #859aa0;\">Mai 2024<\/span><\/h3>\n<h3><span style=\"color: #859aa0;\">Healing Holidays - \"me-time\" Retraites<\/span><\/h3>\n<p><strong>Reisedaten:<\/strong><\/p>\n<p><strong>26.April - 3.Mai<\/strong><\/p>\n<p><strong>3. - 10.Mai (einschliesslich Himmelfahrtstag)<\/strong><\/p>\n<p><strong>16. - 23.Mai (einschliesslich Pfingsten)<\/strong><\/p>\n<p><strong>und 27.Mai - 3.Juni<\/strong><\/p>\n<p style=\"text-align: right;\"><em>Liebe ist Heilen<\/em><\/p>\n<p style=\"text-align: right;\"><em>Heilen ist Liebe<\/em><\/p>\n<p style=\"text-align: right;\"><em>\u00fcberall sind Frauen mit Fragmenten<\/em><\/p>\n<p style=\"text-align: right;\"><em>Sammle die Fragmente<\/em><\/p>\n<p style=\"text-align: right;\"><em>und schmiede sie zusammen.<\/em><\/p>\n<p style=\"text-align: right;\">(aus dem Roman von Anne Cameron: T\u00f6chter der Kupferfrau)<span class=\"Apple-converted-space\">\u00a0<\/span><\/p>\n<p>Wir (Eva, Hanna und J\u00f6rn) sind im Mai und Juni hier auf Kreta und bieten Dir hier die M\u00f6glichkeit zur pers\u00f6nlichen Weiterentwicklung und neuen Inspiration.\nWir stimmen unsere Retraites individuell auf die Bed\u00fcrfnisse und Fragen unserer G\u00e4ste ab.<\/p>\n<div class=\"page\" title=\"Page 1\">\n<div class=\"section\">\n<div class=\"layoutArea\">\n<div class=\"column\">\n<p>Wir sch\u00f6pfen aus unserem reichen Repertoire aus Aura-Soma, Sound of Soul (Herzmusik), rhythmischen Einreibungen, Integrale Massage, Systemische Aufstellungen, verschiedene k\u00fcnstlerische Ausdrucksformen und EMDR. Dabei entscheidet jeder Reiseteilnehmer selbst, wie tief und weit die Reise gehen soll.<\/p>\n<div class=\"page\" title=\"Page 1\">\n<div class=\"section\">\n<div class=\"layoutArea\">\n<div class=\"column\">\n<p>Eine Woche auf Kreta mit uns bedeutet, in die Farbenpracht und Energie Kretas einzutauchen. Eine Woche voller Freude und Verbundenheit in einem gesunden Lebensfluss. Wir zeigen Dir unsere Lieblingspl\u00e4tze und f\u00fchren Dich zu verborgenen Kraftorten der Stille.<\/p>\n<p>Vieles ist m\u00f6glich. So f\u00fchren uns vielf\u00e4ltige Ausfl\u00fcge zwischen Kultur und Natur zum Beispiel nach Chania (mit oder ohne Museumsbesuch) und den verschiedenen Arch\u00e4ologischen Ausgrabungsst\u00e4tten im Westen Kretas. Dabei streifen wir durch traumhafte Landschaften \u00fcber die Berge bis an die Lybische See. Wer will, kann nach Herzenslust wandern (sogar eine mehrt\u00e4tige Reise durch die Berge und\/oder entlang der S\u00fcdk\u00fcste ist m\u00f6glich) oder schwimmen oder Lieblingssteine am Strand sammeln.<\/p>\n<p>Und nat\u00fcrlich kann unser Dorf und unser eigenes St\u00fcck Land erkundet werden.\nTags\u00fcber gibt es Vieles mit allen Sinnen zu erleben und wer es mag, kann nachts auf der Dachterrasse unter dem weiten Sternenhimmel schlafen\u2026<\/p>\n<p>Unsere Wochen zeichnen sich aus durch einen gesunden Mix aus Freude, neuer Inspiration, authentischen Begegnungen, Ruhe, Stille, Natur, Hingabe, Verbindung, gutem Essen, Musik, Tanz und nat\u00fcrlich Demjenigen, was Du selbst mitbringst.\nIn diesen Wochen werden wir das miteinander teilen, was uns das Leben gegeben hat und was Du des Teilens Wert findest.<\/p>\n<p>Wir verf\u00fcgen \u00fcber eine nahezu unersch\u00f6pfliche Quelle an Ideen und Inspirationen, um diese Woche ganz nach Deinen W\u00fcnschen und Bed\u00fcrfnissen zu gestalten. Welche Fragmente schmiedest Du aneinander, wenn Du mit uns nach Kreta kommst?<\/p>\n<\/div>\n<\/div>\n<\/div>\n<\/div>\n<\/div>\n<\/div>\n<\/div>\n<\/div>\n<p>Sei herzlich Willkommen!<\/p>\n<p>Preis: \u20ac1080,- pro Person per Woche; \u00a0incl. 7 \u00dcbernachtungen, Mahlzeiten, Material, Ausfl\u00fcge; excl. Flugreise und evtl. Reiseversicherung<\/p>\n<\/div><\/section><br \/>\n\n<style type=\"text\/css\" data-created_by=\"avia_inline_auto\" id=\"style-css-av-vteepf-9aad2bed6156d0637db5e1bb915c54ce\">\n#top .hr.hr-invisible.av-vteepf-9aad2bed6156d0637db5e1bb915c54ce{\nheight:30px;\n}\n<\/style>\n<div  class='hr av-vteepf-9aad2bed6156d0637db5e1bb915c54ce hr-invisible  avia-builder-el-5  el_after_av_textblock  el_before_av_textblock'><span class='hr-inner'><span class=\"hr-inner-style\"><\/span><\/span><\/div><br \/>\n<section  class='av_textblock_section av-lavk44qp-b8565d09e2cc6237a778d0ac4b4e292c'   itemscope=\"itemscope\" itemtype=\"https:\/\/schema.org\/CreativeWork\" ><div class='avia_textblock'  itemprop=\"text\" ><h3><span style=\"color: #859aa0;\">September 2024<\/span><\/h3>\n<h3><span style=\"color: #859aa0;\">Healing\u00a0<span style=\"caret-color: #859aa0;\">Holidays<\/span>\u00a0- \"me-time\" Retraites<\/span><\/h3>\n<p><strong>Reisedaten:<\/strong><\/p>\n<p><strong>6. - 13. September<\/strong><\/p>\n<p><strong>13. - 20. September<\/strong><\/p>\n<p><strong>20. - 27. September<\/strong><\/p>\n<p><strong>und 27. September - 4. Oktober<\/strong><\/p>\n<p>Auch im September\u201924 werden unsere Retraite Wochen stattfinden.\nZum Inhalt der Arbeit siehe Retraite Wochen im Mai'24<\/p>\n<p>Preis: \u20ac1080,- pro Person per Woche; \u00a0incl. 7 \u00dcbernachtungen, Mahlzeiten, Material, Ausfl\u00fcge; excl. Flugreise und evtl. Reiseversicherung<\/p>\n<\/div><\/section><br \/>\n\n<style type=\"text\/css\" data-created_by=\"avia_inline_auto\" id=\"style-css-av-33z9fn-94edd4b8732e7004ee406c2dddf56561\">\n#top .hr.hr-invisible.av-33z9fn-94edd4b8732e7004ee406c2dddf56561{\nheight:30px;\n}\n<\/style>\n<div  class='hr av-33z9fn-94edd4b8732e7004ee406c2dddf56561 hr-invisible  avia-builder-el-7  el_after_av_textblock  el_before_av_textblock'><span class='hr-inner'><span class=\"hr-inner-style\"><\/span><\/span><\/div><br \/>\n<section  class='av_textblock_section av-lavk4j3n-0889d27f9f9a81cf2c900cbd11a6e335'   itemscope=\"itemscope\" itemtype=\"https:\/\/schema.org\/CreativeWork\" ><div class='avia_textblock'  itemprop=\"text\" ><h3><span style=\"color: #859aa0;\">Oktober'24 Wanderwochen <\/span><\/h3>\n<h3><span style=\"color: #859aa0;\">'\u00dcber die Berge bis an die See zur\u00fcck zu mir selbst!'\u00a0<\/span><\/h3>\n<p><strong>Reisedaten w\u00e4hrend der Deutschen und Niederl\u00e4ndischen Herbstferien:<\/strong><\/p>\n<p><strong>11. - 18. Oktober<\/strong><\/p>\n<p><strong>18. - 25. Oktober<\/strong><\/p>\n<p><strong>25. Oktober - 1. November<\/strong><\/p>\n<p>Wandern befreit! Lasst uns die Wanderschuhe anziehen und buchst\u00e4blich unsere Lebensthemen w\u00e4hrend dieser Wanderwoche erlaufen.\nWir passen die Routen auf individuelle W\u00fcnsche und M\u00f6glichkeiten an und durchwandern die Kretischen Berge, und finden Abk\u00fchlung in der noch warmen See.<\/p>\n<p>Preis: \u20ac1080,- pro Person pro Woche, incl. 7 \u00dcbernachtungen, Mahlzeiten und Versorgung; exkl. Flugreise und evtl. Reiseversicherung<\/p>\n<\/div><\/section><br \/>\n<section  class='av_textblock_section av-luil0vnz-acd573d8d202164f97eb19dd4ef97c4d'   itemscope=\"itemscope\" itemtype=\"https:\/\/schema.org\/CreativeWork\" ><div class='avia_textblock'  itemprop=\"text\" ><h3><span style=\"color: #859aa0;\">November\/Dezember'24 Olivenernte Wochen<\/span><\/h3>\n<p><strong>Reisedaten variabel ab dem 4. November \u2013 2. Dezember<\/strong><\/p>\n<p><strong>(Lass uns wissen wieviel Zeit Du mitbringst!)<\/strong><\/p>\n<p>Hast Du Lust, Dein eigenes biologisches Oliven\u00f6l zu ernten?\nWillst Du mit wirklich erfahren, wie Oliven\u00f6l hergestellt wird?\nWillst Du mit allen Sinnen eintauchen in diese Jahrtausende alte Handarbeit, die dieses \u201cfl\u00fcssige Gold\u201d zum Ergebnis hat?<\/p>\n<p>Schau dann jetzt in Deinen Kalender und reserviere mindestens eine Woche im November\/Dezember frei, um mit uns an der Olivenernte teil zu nehmen.\nDu wohnst bei uns im Haus, geniesst vom warmen Herbst und der noch warmen See nach getaner k\u00f6rperlicher Arbeit im Olivenhain.<\/p>\n<p>Auch diese Woche ist vollversorgt mit allen Mahlzeiten. Du wirst erstaunt sein, wie reinigend und Energie spendend diese Woche sein wird trotz oder gerade wegen der k\u00f6rperlichen Arbeit! Am Ende der Woche empf\u00e4ngst Du Dein eigenes BIO Oliven\u00f6l (oder wir bringen es zu Weihnachten mit nach Deutschland).<\/p>\n<p>Aan het einde van de oogst ontvang je jouw eigen fles BIO gecertificeerde olijfolie (of we brengen het met kerst mee naar Nederland).<\/p>\n<p>Diese Reise ist vor allem geeignet f\u00fcr alle, die im Allt\u00e4glichen viel Kopfarbeit erledigen und die k\u00f6rperliche Herausforderung vermissen\u2026 \u2013<\/p>\n<p>Preis: \u20ac1080,- pro Person pro Woche, incl. 7 \u00dcbernachtungen, Mahlzeiten und Versorgung; exkl. Flugreise und evtl. Reiseversicherung<\/p>\n<\/div><\/section><br \/>\n\n<style type=\"text\/css\" data-created_by=\"avia_inline_auto\" id=\"style-css-av-t6urub-78c23e65ead21488ca9480f76e0b0092\">\n#top .hr.hr-invisible.av-t6urub-78c23e65ead21488ca9480f76e0b0092{\nheight:30px;\n}\n<\/style>\n<div  class='hr av-t6urub-78c23e65ead21488ca9480f76e0b0092 hr-invisible  avia-builder-el-10  el_after_av_textblock  el_before_av_textblock'><span class='hr-inner'><span class=\"hr-inner-style\"><\/span><\/span><\/div><br \/>\n<section  class='av_textblock_section av-lavk53jw-86e40993fcb2ab13709c948f44a7fbc4'   itemscope=\"itemscope\" itemtype=\"https:\/\/schema.org\/CreativeWork\" ><div class='avia_textblock'  itemprop=\"text\" ><h3><span style=\"color: #859aa0;\">Die Daten f\u00fcr 2025 werden \u00e4hnlich sein wie in diesem Jahr:<\/span><\/h3>\n<p>Februar\/M\u00e4rz: Winterretraites mit Wildkr\u00e4uterwochen<\/p>\n<p>April\/Mai: Healing Holidays - 'me-time' Retraites<\/p>\n<p>Mai\/Juni: (Waldorf-)Lehrerseminare in Vorbereitung<\/p>\n<p>September: Healing Holidays - 'me-time' Retraites<\/p>\n<p>Oktober: Wanderwochen in den Herbstferien<\/p>\n<p>November\/Dezember: Olivenernte Wochen<\/p>\n<\/div><\/section><br \/>\n\n<style type=\"text\/css\" data-created_by=\"avia_inline_auto\" id=\"style-css-av-mm4eab-49a0812f7679850119589b047d5feddd\">\n#top .hr.hr-invisible.av-mm4eab-49a0812f7679850119589b047d5feddd{\nheight:30px;\n}\n<\/style>\n<div  class='hr av-mm4eab-49a0812f7679850119589b047d5feddd hr-invisible  avia-builder-el-12  el_after_av_textblock  el_before_av_textblock'><span class='hr-inner'><span class=\"hr-inner-style\"><\/span><\/span><\/div><br \/>\n<section  class='av_textblock_section av-lavk6fhr-a831c6abdd3f74d2c8347e051eed2afe'   itemscope=\"itemscope\" itemtype=\"https:\/\/schema.org\/CreativeWork\" ><div class='avia_textblock'  itemprop=\"text\" ><\/div><\/section><br \/>\n\n<style type=\"text\/css\" data-created_by=\"avia_inline_auto\" id=\"style-css-av-iuqur7-eb6c3d0514d31a873526ee2824a32933\">\n#top .hr.hr-invisible.av-iuqur7-eb6c3d0514d31a873526ee2824a32933{\nheight:30px;\n}\n<\/style>\n<div  class='hr av-iuqur7-eb6c3d0514d31a873526ee2824a32933 hr-invisible  avia-builder-el-14  el_after_av_textblock  el_before_av_textblock'><span class='hr-inner'><span class=\"hr-inner-style\"><\/span><\/span><\/div><br \/>\n<section  class='av_textblock_section av-lavk74e8-aecac0bf82d5ff891f508625ad53935f'   itemscope=\"itemscope\" itemtype=\"https:\/\/schema.org\/CreativeWork\" ><div class='avia_textblock'  itemprop=\"text\" ><\/div><\/section><br \/>\n\n<style type=\"text\/css\" data-created_by=\"avia_inline_auto\" id=\"style-css-av-gy17tv-02dc4b1019ef9bcbe678838977faeb15\">\n#top .hr.hr-invisible.av-gy17tv-02dc4b1019ef9bcbe678838977faeb15{\nheight:30px;\n}\n<\/style>\n<div  class='hr av-gy17tv-02dc4b1019ef9bcbe678838977faeb15 hr-invisible  avia-builder-el-16  el_after_av_textblock  el_before_av_textblock'><span class='hr-inner'><span class=\"hr-inner-style\"><\/span><\/span><\/div><br \/>\n<section  class='av_textblock_section av-lavk7kfd-9745e3ead3c40990ed7d1f28a52361a2'   itemscope=\"itemscope\" itemtype=\"https:\/\/schema.org\/CreativeWork\" ><div class='avia_textblock'  itemprop=\"text\" ><\/div><\/section><br \/>\n\n<style type=\"text\/css\" data-created_by=\"avia_inline_auto\" id=\"style-css-av-g9bq83-56e218f3e18756c7e4ef24b8fd58b888\">\n#top .hr.hr-invisible.av-g9bq83-56e218f3e18756c7e4ef24b8fd58b888{\nheight:30px;\n}\n<\/style>\n<div  class='hr av-g9bq83-56e218f3e18756c7e4ef24b8fd58b888 hr-invisible  avia-builder-el-18  el_after_av_textblock  el_before_av_textblock'><span class='hr-inner'><span class=\"hr-inner-style\"><\/span><\/span><\/div><br \/>\n<section  class='av_textblock_section av-lavk7yj1-a3fffa9b3a96e1feb9c9a34f857b791a'   itemscope=\"itemscope\" itemtype=\"https:\/\/schema.org\/CreativeWork\" ><div class='avia_textblock'  itemprop=\"text\" ><\/div><\/section><\/p><\/div>\n<style type=\"text\/css\" data-created_by=\"avia_inline_auto\" id=\"style-css-av-b0nw1v-cc378e4a465f25dda8c78ba29b773a24\">\n.flex_column.av-b0nw1v-cc378e4a465f25dda8c78ba29b773a24{\n-webkit-border-radius:0px 0px 0px 0px;\n-moz-border-radius:0px 0px 0px 0px;\nborder-radius:0px 0px 0px 0px;\npadding:0px 0px 0px 0px;\nbackground:url(https:\/\/www.kretaleven.nl\/wp-content\/uploads\/2022\/09\/olijf-e1662391472542.png) 100% 100% no-repeat scroll ;\n}\n<\/style>\n<div  class='flex_column av-b0nw1v-cc378e4a465f25dda8c78ba29b773a24 av_one_full  avia-builder-el-20  el_after_av_one_full  avia-builder-el-last  first flex_column_div av-zero-column-padding  column-top-margin'     ><p>\n<style type=\"text\/css\" data-created_by=\"avia_inline_auto\" id=\"style-css-av-4laexv-b9f55b492b88dbf338fc945faf824e10\">\n#top .hr.hr-invisible.av-4laexv-b9f55b492b88dbf338fc945faf824e10{\nheight:60px;\n}\n<\/style>\n<div  class='hr av-4laexv-b9f55b492b88dbf338fc945faf824e10 hr-invisible  avia-builder-el-21  el_before_av_buttonrow  avia-builder-el-first'><span class='hr-inner'><span class=\"hr-inner-style\"><\/span><\/span><\/div><br \/>\n<div  class='avia-buttonrow-wrap av-91rdmb-6e1996158555c1bd98ee7396f60f8e00 avia-buttonrow-center  avia-builder-el-22  el_after_av_hr  el_before_av_hr'>\n\n<style type=\"text\/css\" data-created_by=\"avia_inline_auto\" id=\"style-css-av-7r9f9v-9874144a4aca036961490dd799228a08\">\n#top #wrap_all .avia-button.av-7r9f9v-9874144a4aca036961490dd799228a08{\nbackground-color:#93843f;\nborder-color:#ffffff;\nborder-style:solid;\nborder-width:2px 2px 2px 2px;\nbox-shadow: 0px 0px 40px 0px #9b9b9b;\n-webkit-transition:all 0.4s ease-in-out;\n-moz-transition:all 0.4s ease-in-out;\n-ms-transition:all 0.4s ease-in-out;\n-o-transition:all 0.4s ease-in-out;\ntransition:all 0.4s ease-in-out;\nmargin-bottom:13px;\nmargin-right:7px;\nmargin-left:7px;\n}\n#top #wrap_all .avia-button.av-7r9f9v-9874144a4aca036961490dd799228a08:hover{\nbackground-color:white;\ncolor:black;\n-webkit-transition:all 0.4s ease-in-out;\n-moz-transition:all 0.4s ease-in-out;\n-ms-transition:all 0.4s ease-in-out;\n-o-transition:all 0.4s ease-in-out;\ntransition:all 0.4s ease-in-out;\n}\n<\/style>\n<a href='https:\/\/www.kretaleven.nl\/de\/new\/#contact'  class='avia-button av-7r9f9v-9874144a4aca036961490dd799228a08 avia-icon_select-no avia-size-large avia-font-color-theme-color'  ><span class='avia_iconbox_title' >KONTAKT<\/span><\/a>\n\n<style type=\"text\/css\" data-created_by=\"avia_inline_auto\" id=\"style-css-av-65jvlv-a0d2a4e874717cbeda9d573aee3bd9f6\">\n#top #wrap_all .avia-button.av-65jvlv-a0d2a4e874717cbeda9d573aee3bd9f6{\nborder-style:solid;\nborder-width:2px 2px 2px 2px;\nborder-color:#bcac51;\nbox-shadow: 0px 0px 40px 0px #9b9b9b;\n-webkit-transition:all 0.4s ease-in-out;\n-moz-transition:all 0.4s ease-in-out;\n-ms-transition:all 0.4s ease-in-out;\n-o-transition:all 0.4s ease-in-out;\ntransition:all 0.4s ease-in-out;\nmargin-bottom:13px;\nmargin-right:7px;\nmargin-left:7px;\n}\n#top #wrap_all .avia-button.av-65jvlv-a0d2a4e874717cbeda9d573aee3bd9f6:hover{\ncolor:#e8b643;\n-webkit-transition:all 0.4s ease-in-out;\n-moz-transition:all 0.4s ease-in-out;\n-ms-transition:all 0.4s ease-in-out;\n-o-transition:all 0.4s ease-in-out;\ntransition:all 0.4s ease-in-out;\n}\n<\/style>\n<a href='https:\/\/www.kretaleven.nl\/de\/new\/'  class='avia-button av-65jvlv-a0d2a4e874717cbeda9d573aee3bd9f6 avia-icon_select-no avia-size-large avia-color-white avia-font-color-black'  ><span class='avia_iconbox_title' >HOME<\/span><span class='avia_button_background avia-button avia-color-light' ><\/span><\/a>\n<\/div><br \/>\n\n<style type=\"text\/css\" data-created_by=\"avia_inline_auto\" id=\"style-css-av-bhi8j-30eaca05726dfd4ae1262a66edc0fd97\">\n#top .hr.hr-invisible.av-bhi8j-30eaca05726dfd4ae1262a66edc0fd97{\nheight:60px;\n}\n<\/style>\n<div  class='hr av-bhi8j-30eaca05726dfd4ae1262a66edc0fd97 hr-invisible  avia-builder-el-23  el_after_av_buttonrow  avia-builder-el-last'><span class='hr-inner'><span class=\"hr-inner-style\"><\/span><\/span><\/div><\/p><\/div><\/p>","protected":false},"excerpt":{"rendered":"","protected":false},"author":2,"featured_media":0,"parent":2263,"menu_order":0,"comment_status":"closed","ping_status":"closed","template":"","meta":{"footnotes":""},"_links":{"self":[{"href":"https:\/\/www.kretaleven.nl\/de\/wp-json\/wp\/v2\/pages\/2563"}],"collection":[{"href":"https:\/\/www.kretaleven.nl\/de\/wp-json\/wp\/v2\/pages"}],"about":[{"href":"https:\/\/www.kretaleven.nl\/de\/wp-json\/wp\/v2\/types\/page"}],"author":[{"embeddable":true,"href":"https:\/\/www.kretaleven.nl\/de\/wp-json\/wp\/v2\/users\/2"}],"replies":[{"embeddable":true,"href":"https:\/\/www.kretaleven.nl\/de\/wp-json\/wp\/v2\/comments?post=2563"}],"version-history":[{"count":26,"href":"https:\/\/www.kretaleven.nl\/de\/wp-json\/wp\/v2\/pages\/2563\/revisions"}],"predecessor-version":[{"id":3226,"href":"https:\/\/www.kretaleven.nl\/de\/wp-json\/wp\/v2\/pages\/2563\/revisions\/3226"}],"up":[{"embeddable":true,"href":"https:\/\/www.kretaleven.nl\/de\/wp-json\/wp\/v2\/pages\/2263"}],"wp:attachment":[{"href":"https:\/\/www.kretaleven.nl\/de\/wp-json\/wp\/v2\/media?parent=2563"}],"curies":[{"name":"wp","href":"https:\/\/api.w.org\/{rel}","templated":true}]}}