{"id":2571,"date":"2022-11-24T22:18:17","date_gmt":"2022-11-24T21:18:17","guid":{"rendered":"https:\/\/www.kretaleven.nl\/?page_id=2571"},"modified":"2023-12-08T11:27:11","modified_gmt":"2023-12-08T10:27:11","slug":"over-jorn-hengstenberg","status":"publish","type":"page","link":"https:\/\/www.kretaleven.nl\/de\/new\/over-jorn-hengstenberg\/","title":{"rendered":"Over Jorn Hengstenberg"},"content":{"rendered":"<style type=\"text\/css\" data-created_by=\"avia_inline_auto\" id=\"style-css-av-21ndij-1ec95bb508b0c792b3718925a8e11ab4\">\n.flex_column.av-21ndij-1ec95bb508b0c792b3718925a8e11ab4{\n-webkit-border-radius:0px 0px 0px 0px;\n-moz-border-radius:0px 0px 0px 0px;\nborder-radius:0px 0px 0px 0px;\npadding:120px 30px 120px 30px;\nbackground:url(https:\/\/www.kretaleven.nl\/wp-content\/uploads\/2021\/11\/Jorn-680-nw-nw-e1662406804155.jpg) 50% 50% no-repeat scroll ;\n}\n<\/style>\n<div  class='flex_column av-21ndij-1ec95bb508b0c792b3718925a8e11ab4 av_one_full  avia-builder-el-0  el_before_av_one_full  avia-builder-el-first  first flex_column_div avia-full-stretch'     ><section  class='av_textblock_section av-lavkqdml-2adb1b41d19c49a1c119bda008348f3a'   itemscope=\"itemscope\" itemtype=\"https:\/\/schema.org\/CreativeWork\" ><div class='avia_textblock'  itemprop=\"text\" ><p><span style=\"color: #ffffff;\"><span style=\"font-size: 300%;\">\u00dcber J\u00f6rn<\/span><\/span><\/p>\n<\/div><\/section><\/div>\n\n<style type=\"text\/css\" data-created_by=\"avia_inline_auto\" id=\"style-css-av-fd2oe3-474960388571c586afc537e0f9b21e7b\">\n.flex_column.av-fd2oe3-474960388571c586afc537e0f9b21e7b{\n-webkit-border-radius:0px 0px 0px 0px;\n-moz-border-radius:0px 0px 0px 0px;\nborder-radius:0px 0px 0px 0px;\npadding:30px 0px 30px 0px;\n}\n<\/style>\n<div  class='flex_column av-fd2oe3-474960388571c586afc537e0f9b21e7b av_one_full  avia-builder-el-2  el_after_av_one_full  el_before_av_one_full  first flex_column_div  column-top-margin'     ><section  class='av_textblock_section av-lavkszw9-1b42628b33b2a20316781a251ea23116'   itemscope=\"itemscope\" itemtype=\"https:\/\/schema.org\/CreativeWork\" ><div class='avia_textblock'  itemprop=\"text\" ><p>J\u00f6rn ist Diplom-P\u00e4dagoge, Sonderschul- und Waldorflehrer  Nach 30 Jahren Berufserfahrung im Gesundheits- und Bildungswesen hat er Im Jahr 2021 den dreij\u00e4hrigen Lehrgang f\u00fcr professionelle Kommunikation bei Phoenix in Utrecht absolviert. NLP, Transaktionsanalyse und systemische Arbeit sind f\u00fcr J\u00f6rn wertvolle tools in der Begleitung von Menschen.<\/p>\n<p>Sein Motto: Aus der liebevollen Verbindung mit sich selbst und der eigenen Spiritualit\u00e4t das Leben voll und ganz leben.<\/p>\n<p>Neben <a href=\"https:\/\/www.kretaleven.nl\/de\/new\/ons-aanbod\/\">individuellem Coaching<\/a> und <a href=\"https:\/\/www.kretaleven.nl\/de\/new\/ons-aanbod\/\">individuellen Gruppenreisen<\/a> nach Kreta bietet J\u00f6rn auch seine p\u00e4dagogischen Kenntnisse und F\u00e4higkeiten als selbstst\u00e4ndiger Lehrer an. <a href=\"https:\/\/www.kretaleven.nl\/de\/#contact\">M\u00f6chtest Du mehr wissen oder J\u00f6rn kennenlernen?\u00a0<\/a><\/p>\n<p>Die individuellen Coachingsgespr\u00e4che finden in Zutphen statt (Ausnahmen sind m\u00f6glich) und dauern zwischen 75 und 90 Minuten. Die Kosten betragen \u20ac 95,- pro Gespr\u00e4ch.<\/p>\n<\/div><\/section><\/div>\n<style type=\"text\/css\" data-created_by=\"avia_inline_auto\" id=\"style-css-av-bkf1wr-9d778e89d6dc0ce97cb2eebbbcd3b466\">\n.flex_column.av-bkf1wr-9d778e89d6dc0ce97cb2eebbbcd3b466{\n-webkit-border-radius:0px 0px 0px 0px;\n-moz-border-radius:0px 0px 0px 0px;\nborder-radius:0px 0px 0px 0px;\npadding:0px 0px 0px 0px;\nbackground:url(https:\/\/www.kretaleven.nl\/wp-content\/uploads\/2022\/09\/olijf-e1662391472542.png) 100% 100% no-repeat scroll ;\n}\n<\/style>\n<div  class='flex_column av-bkf1wr-9d778e89d6dc0ce97cb2eebbbcd3b466 av_one_full  avia-builder-el-4  el_after_av_one_full  avia-builder-el-last  first flex_column_div av-zero-column-padding  column-top-margin'     ><p>\n<style type=\"text\/css\" data-created_by=\"avia_inline_auto\" id=\"style-css-av-4d3x3f-a6ad058cb0917ed8c55507ddf6992d8c\">\n#top .hr.hr-invisible.av-4d3x3f-a6ad058cb0917ed8c55507ddf6992d8c{\nheight:60px;\n}\n<\/style>\n<div  class='hr av-4d3x3f-a6ad058cb0917ed8c55507ddf6992d8c hr-invisible  avia-builder-el-5  el_before_av_buttonrow  avia-builder-el-first'><span class='hr-inner'><span class=\"hr-inner-style\"><\/span><\/span><\/div><br \/>\n<div  class='avia-buttonrow-wrap av-9hxiez-ab2743dcecc222cf5f7c58fdafb4c347 avia-buttonrow-center  avia-builder-el-6  el_after_av_hr  el_before_av_hr'>\n\n<style type=\"text\/css\" data-created_by=\"avia_inline_auto\" id=\"style-css-av-oj43v-3c49fd08598910f724fe583f2385f1db\">\n#top #wrap_all .avia-button.av-oj43v-3c49fd08598910f724fe583f2385f1db{\nbackground-color:#93843f;\nborder-color:#ffffff;\nborder-style:solid;\nborder-width:2px 2px 2px 2px;\nbox-shadow: 0px 0px 40px 0px #9b9b9b;\n-webkit-transition:all 0.4s ease-in-out;\n-moz-transition:all 0.4s ease-in-out;\n-ms-transition:all 0.4s ease-in-out;\n-o-transition:all 0.4s ease-in-out;\ntransition:all 0.4s ease-in-out;\nmargin-bottom:13px;\nmargin-right:7px;\nmargin-left:7px;\n}\n#top #wrap_all .avia-button.av-oj43v-3c49fd08598910f724fe583f2385f1db:hover{\nbackground-color:white;\ncolor:black;\n-webkit-transition:all 0.4s ease-in-out;\n-moz-transition:all 0.4s ease-in-out;\n-ms-transition:all 0.4s ease-in-out;\n-o-transition:all 0.4s ease-in-out;\ntransition:all 0.4s ease-in-out;\n}\n<\/style>\n<a href='https:\/\/www.kretaleven.nl\/de\/new\/#contact'  class='avia-button av-oj43v-3c49fd08598910f724fe583f2385f1db avia-icon_select-no avia-size-large avia-font-color-theme-color'  ><span class='avia_iconbox_title' >KONTAKT<\/span><\/a>\n\n<style type=\"text\/css\" data-created_by=\"avia_inline_auto\" id=\"style-css-av-5f7viz-954e0060120cd7dcea40b61817fe5e65\">\n#top #wrap_all .avia-button.av-5f7viz-954e0060120cd7dcea40b61817fe5e65{\nborder-style:solid;\nborder-width:2px 2px 2px 2px;\nborder-color:#bcac51;\nbox-shadow: 0px 0px 40px 0px #9b9b9b;\n-webkit-transition:all 0.4s ease-in-out;\n-moz-transition:all 0.4s ease-in-out;\n-ms-transition:all 0.4s ease-in-out;\n-o-transition:all 0.4s ease-in-out;\ntransition:all 0.4s ease-in-out;\nmargin-bottom:13px;\nmargin-right:7px;\nmargin-left:7px;\n}\n#top #wrap_all .avia-button.av-5f7viz-954e0060120cd7dcea40b61817fe5e65:hover{\ncolor:#e8b643;\n-webkit-transition:all 0.4s ease-in-out;\n-moz-transition:all 0.4s ease-in-out;\n-ms-transition:all 0.4s ease-in-out;\n-o-transition:all 0.4s ease-in-out;\ntransition:all 0.4s ease-in-out;\n}\n<\/style>\n<a href='https:\/\/www.kretaleven.nl\/de\/new\/'  class='avia-button av-5f7viz-954e0060120cd7dcea40b61817fe5e65 avia-icon_select-no avia-size-large avia-color-white avia-font-color-black'  ><span class='avia_iconbox_title' >HOME<\/span><span class='avia_button_background avia-button avia-color-light' ><\/span><\/a>\n<\/div><br \/>\n\n<style type=\"text\/css\" data-created_by=\"avia_inline_auto\" id=\"style-css-av-2tdj5n-d93b9d14a3590ef415faa9806c7691f6\">\n#top .hr.hr-invisible.av-2tdj5n-d93b9d14a3590ef415faa9806c7691f6{\nheight:60px;\n}\n<\/style>\n<div  class='hr av-2tdj5n-d93b9d14a3590ef415faa9806c7691f6 hr-invisible  avia-builder-el-7  el_after_av_buttonrow  avia-builder-el-last'><span class='hr-inner'><span class=\"hr-inner-style\"><\/span><\/span><\/div><\/p><\/div><\/p>","protected":false},"excerpt":{"rendered":"","protected":false},"author":2,"featured_media":0,"parent":2263,"menu_order":0,"comment_status":"closed","ping_status":"closed","template":"","meta":{"footnotes":""},"_links":{"self":[{"href":"https:\/\/www.kretaleven.nl\/de\/wp-json\/wp\/v2\/pages\/2571"}],"collection":[{"href":"https:\/\/www.kretaleven.nl\/de\/wp-json\/wp\/v2\/pages"}],"about":[{"href":"https:\/\/www.kretaleven.nl\/de\/wp-json\/wp\/v2\/types\/page"}],"author":[{"embeddable":true,"href":"https:\/\/www.kretaleven.nl\/de\/wp-json\/wp\/v2\/users\/2"}],"replies":[{"embeddable":true,"href":"https:\/\/www.kretaleven.nl\/de\/wp-json\/wp\/v2\/comments?post=2571"}],"version-history":[{"count":8,"href":"https:\/\/www.kretaleven.nl\/de\/wp-json\/wp\/v2\/pages\/2571\/revisions"}],"predecessor-version":[{"id":3184,"href":"https:\/\/www.kretaleven.nl\/de\/wp-json\/wp\/v2\/pages\/2571\/revisions\/3184"}],"up":[{"embeddable":true,"href":"https:\/\/www.kretaleven.nl\/de\/wp-json\/wp\/v2\/pages\/2263"}],"wp:attachment":[{"href":"https:\/\/www.kretaleven.nl\/de\/wp-json\/wp\/v2\/media?parent=2571"}],"curies":[{"name":"wp","href":"https:\/\/api.w.org\/{rel}","templated":true}]}}