{"id":2582,"date":"2022-11-24T22:33:35","date_gmt":"2022-11-24T21:33:35","guid":{"rendered":"https:\/\/www.kretaleven.nl\/?page_id=2582"},"modified":"2024-04-06T17:08:02","modified_gmt":"2024-04-06T15:08:02","slug":"over-eva","status":"publish","type":"page","link":"https:\/\/www.kretaleven.nl\/de\/new\/over-eva\/","title":{"rendered":"\u00dcber Eva"},"content":{"rendered":"<style type=\"text\/css\" data-created_by=\"avia_inline_auto\" id=\"style-css-av-lavld2nw-5070f47b87651373ff8295455c502a81\">\n.flex_column.av-lavld2nw-5070f47b87651373ff8295455c502a81{\n-webkit-border-radius:0px 0px 0px 0px;\n-moz-border-radius:0px 0px 0px 0px;\nborder-radius:0px 0px 0px 0px;\npadding:120px 30px 120px 30px;\nbackground:url(https:\/\/www.kretaleven.nl\/wp-content\/uploads\/2022\/11\/Eva-Hengstenberg-van-KretaLeven-retraites-workshops-coaching-healing-Kreta.jpg) 50% 50% no-repeat scroll ;\n}\n<\/style>\n<div  class='flex_column av-lavld2nw-5070f47b87651373ff8295455c502a81 av_one_full  avia-builder-el-0  el_before_av_one_full  avia-builder-el-first  first flex_column_div avia-full-stretch'     ><section  class='av_textblock_section av-lavlb3cl-7e828a7cc66540b3f91b0f0e47dfbcda'   itemscope=\"itemscope\" itemtype=\"https:\/\/schema.org\/CreativeWork\" ><div class='avia_textblock'  itemprop=\"text\" ><p><span style=\"color: #ffffff;\"><span style=\"font-size: 300%;\">\u00dcber Eva<\/span><\/span><\/p>\n<\/div><\/section><\/div>\n\n<style type=\"text\/css\" data-created_by=\"avia_inline_auto\" id=\"style-css-av-5obdy-43638ed21efd810d0ca89017d85799d7\">\n.flex_column.av-5obdy-43638ed21efd810d0ca89017d85799d7{\n-webkit-border-radius:0px 0px 0px 0px;\n-moz-border-radius:0px 0px 0px 0px;\nborder-radius:0px 0px 0px 0px;\npadding:30px 0px 30px 0px;\n}\n<\/style>\n<div  class='flex_column av-5obdy-43638ed21efd810d0ca89017d85799d7 av_one_full  avia-builder-el-2  el_after_av_one_full  el_before_av_one_full  first flex_column_div  column-top-margin'     ><section  class='av_textblock_section av-lavlctxw-db1245b04fe89477b85ac44c6a858cfa'   itemscope=\"itemscope\" itemtype=\"https:\/\/schema.org\/CreativeWork\" ><div class='avia_textblock'  itemprop=\"text\" ><p>Eva begleitet und coacht ihr ganzes Berufsleben. Nach ihrer Ausbildung zur Sozialp\u00e4dagogin hat sie sich in verschiedenen Ausbildungen stets weitergebildet zum biografischen Elterncoach, Stressberaterin, EMDR-Therapeutin, energetische Therapeutin und therapeutischer Arbeit mit Farbe und Licht sowie Thetareading.\n\nEva integriert diese Aus- und Fortbildungen kontinuierlich in ihre therapeutische Arbeit.<\/p>\n<p>Eva begleitet in ihrer eigenen psychosozialen Praxis Odili\u00eb in den Niederlanden sowie auf <a href=\"https:\/\/www.kretaleven.nl\/de\/new\/ons-aanbod\/retraites-workshops-coaching-healing-op-kreta\/\">Kreta<\/a>. Es besteht die M\u00f6glichkeit, die therapeutische Begleitung w\u00e4hrend \"healing holidays\" auf Kreta fortzusetzen.<\/p>\n<p>Die individuellen Coachingsgespr\u00e4che finden normalerweise in Zutphen statt, Ausnahmen sind m\u00f6glich. Die Gespr\u00e4che dauern zwischen 75-90 Minuten und kosten \u20ac 95,-. Auch besteht die M\u00f6glichkeit, Gespr\u00e4che online zu f\u00fchren.<\/p>\n<p>Weil Eva auch auf Kreta telefonisch erreichbar ist, k\u00f6nnen die Beratungsgespr\u00e4che auch telefonisch stattfinden. Die Kosten hierf\u00fcr betragen \u20ac 65,-. Nimm telefonisch oder per app Kontakt mit Eva auf.<\/p>\n<\/div><\/section><\/div>\n<style type=\"text\/css\" data-created_by=\"avia_inline_auto\" id=\"style-css-av-ay1l06-bd3d38a5d6aebe12263351d8a861f2d1\">\n.flex_column.av-ay1l06-bd3d38a5d6aebe12263351d8a861f2d1{\n-webkit-border-radius:0px 0px 0px 0px;\n-moz-border-radius:0px 0px 0px 0px;\nborder-radius:0px 0px 0px 0px;\npadding:0px 0px 0px 0px;\nbackground:url(https:\/\/www.kretaleven.nl\/wp-content\/uploads\/2022\/09\/olijf-e1662391472542.png) 100% 100% no-repeat scroll ;\n}\n<\/style>\n<div  class='flex_column av-ay1l06-bd3d38a5d6aebe12263351d8a861f2d1 av_one_full  avia-builder-el-4  el_after_av_one_full  avia-builder-el-last  first flex_column_div av-zero-column-padding  column-top-margin'     ><p>\n<style type=\"text\/css\" data-created_by=\"avia_inline_auto\" id=\"style-css-av-3w7uo6-929e0f5002f5e80fc6b9a0a6cc7ba9fe\">\n#top .hr.hr-invisible.av-3w7uo6-929e0f5002f5e80fc6b9a0a6cc7ba9fe{\nheight:60px;\n}\n<\/style>\n<div  class='hr av-3w7uo6-929e0f5002f5e80fc6b9a0a6cc7ba9fe hr-invisible  avia-builder-el-5  el_before_av_buttonrow  avia-builder-el-first'><span class='hr-inner'><span class=\"hr-inner-style\"><\/span><\/span><\/div><br \/>\n<div  class='avia-buttonrow-wrap av-3bfty-88adbcef2669b19fa5e37f5552efa2d1 avia-buttonrow-center  avia-builder-el-6  el_after_av_hr  el_before_av_hr'>\n\n<style type=\"text\/css\" data-created_by=\"avia_inline_auto\" id=\"style-css-av-7m1o12-94eb0b0f23bcea7d3460fb404a7b6459\">\n#top #wrap_all .avia-button.av-7m1o12-94eb0b0f23bcea7d3460fb404a7b6459{\nbackground-color:#93843f;\nborder-color:#ffffff;\nborder-style:solid;\nborder-width:2px 2px 2px 2px;\nbox-shadow: 0px 0px 40px 0px #9b9b9b;\n-webkit-transition:all 0.4s ease-in-out;\n-moz-transition:all 0.4s ease-in-out;\n-ms-transition:all 0.4s ease-in-out;\n-o-transition:all 0.4s ease-in-out;\ntransition:all 0.4s ease-in-out;\nmargin-bottom:13px;\nmargin-right:7px;\nmargin-left:7px;\n}\n#top #wrap_all .avia-button.av-7m1o12-94eb0b0f23bcea7d3460fb404a7b6459:hover{\nbackground-color:white;\ncolor:black;\n-webkit-transition:all 0.4s ease-in-out;\n-moz-transition:all 0.4s ease-in-out;\n-ms-transition:all 0.4s ease-in-out;\n-o-transition:all 0.4s ease-in-out;\ntransition:all 0.4s ease-in-out;\n}\n<\/style>\n<a href='https:\/\/www.kretaleven.nl\/de\/new\/#contact'  class='avia-button av-7m1o12-94eb0b0f23bcea7d3460fb404a7b6459 avia-icon_select-no avia-size-large avia-font-color-theme-color'  ><span class='avia_iconbox_title' >KONTAKT<\/span><\/a>\n\n<style type=\"text\/css\" data-created_by=\"avia_inline_auto\" id=\"style-css-av-5w6xzq-341bf656d54d78e78364d5a60581d7b0\">\n#top #wrap_all .avia-button.av-5w6xzq-341bf656d54d78e78364d5a60581d7b0{\nborder-style:solid;\nborder-width:2px 2px 2px 2px;\nborder-color:#bcac51;\nbox-shadow: 0px 0px 40px 0px #9b9b9b;\n-webkit-transition:all 0.4s ease-in-out;\n-moz-transition:all 0.4s ease-in-out;\n-ms-transition:all 0.4s ease-in-out;\n-o-transition:all 0.4s ease-in-out;\ntransition:all 0.4s ease-in-out;\nmargin-bottom:13px;\nmargin-right:7px;\nmargin-left:7px;\n}\n#top #wrap_all .avia-button.av-5w6xzq-341bf656d54d78e78364d5a60581d7b0:hover{\ncolor:#e8b643;\n-webkit-transition:all 0.4s ease-in-out;\n-moz-transition:all 0.4s ease-in-out;\n-ms-transition:all 0.4s ease-in-out;\n-o-transition:all 0.4s ease-in-out;\ntransition:all 0.4s ease-in-out;\n}\n<\/style>\n<a href='https:\/\/www.kretaleven.nl\/de\/new\/'  class='avia-button av-5w6xzq-341bf656d54d78e78364d5a60581d7b0 avia-icon_select-no avia-size-large avia-color-white avia-font-color-black'  ><span class='avia_iconbox_title' >HOME<\/span><span class='avia_button_background avia-button avia-color-light' ><\/span><\/a>\n<\/div><br \/>\n\n<style type=\"text\/css\" data-created_by=\"avia_inline_auto\" id=\"style-css-av-2badt2-b4022820b255f9b0b02b29b6825a7b9b\">\n#top .hr.hr-invisible.av-2badt2-b4022820b255f9b0b02b29b6825a7b9b{\nheight:60px;\n}\n<\/style>\n<div  class='hr av-2badt2-b4022820b255f9b0b02b29b6825a7b9b hr-invisible  avia-builder-el-7  el_after_av_buttonrow  avia-builder-el-last'><span class='hr-inner'><span class=\"hr-inner-style\"><\/span><\/span><\/div><\/p><\/div><\/p>","protected":false},"excerpt":{"rendered":"","protected":false},"author":2,"featured_media":0,"parent":2263,"menu_order":0,"comment_status":"closed","ping_status":"closed","template":"","meta":{"footnotes":""},"_links":{"self":[{"href":"https:\/\/www.kretaleven.nl\/de\/wp-json\/wp\/v2\/pages\/2582"}],"collection":[{"href":"https:\/\/www.kretaleven.nl\/de\/wp-json\/wp\/v2\/pages"}],"about":[{"href":"https:\/\/www.kretaleven.nl\/de\/wp-json\/wp\/v2\/types\/page"}],"author":[{"embeddable":true,"href":"https:\/\/www.kretaleven.nl\/de\/wp-json\/wp\/v2\/users\/2"}],"replies":[{"embeddable":true,"href":"https:\/\/www.kretaleven.nl\/de\/wp-json\/wp\/v2\/comments?post=2582"}],"version-history":[{"count":8,"href":"https:\/\/www.kretaleven.nl\/de\/wp-json\/wp\/v2\/pages\/2582\/revisions"}],"predecessor-version":[{"id":3104,"href":"https:\/\/www.kretaleven.nl\/de\/wp-json\/wp\/v2\/pages\/2582\/revisions\/3104"}],"up":[{"embeddable":true,"href":"https:\/\/www.kretaleven.nl\/de\/wp-json\/wp\/v2\/pages\/2263"}],"wp:attachment":[{"href":"https:\/\/www.kretaleven.nl\/de\/wp-json\/wp\/v2\/media?parent=2582"}],"curies":[{"name":"wp","href":"https:\/\/api.w.org\/{rel}","templated":true}]}}