{"id":2596,"date":"2022-11-24T22:58:08","date_gmt":"2022-11-24T21:58:08","guid":{"rendered":"https:\/\/www.kretaleven.nl\/?page_id=2596"},"modified":"2024-04-07T21:26:19","modified_gmt":"2024-04-07T19:26:19","slug":"ervaringen","status":"publish","type":"page","link":"https:\/\/www.kretaleven.nl\/de\/new\/ervaringen\/","title":{"rendered":"Ervaringen"},"content":{"rendered":"<style type=\"text\/css\" data-created_by=\"avia_inline_auto\" id=\"style-css-av-k42dck-e3eecc2d5b6986eff4f78b8cd49af1ca\">\n.flex_column.av-k42dck-e3eecc2d5b6986eff4f78b8cd49af1ca{\n-webkit-border-radius:0px 0px 0px 0px;\n-moz-border-radius:0px 0px 0px 0px;\nborder-radius:0px 0px 0px 0px;\npadding:120px 30px 120px 30px;\nbackground:url(https:\/\/www.kretaleven.nl\/wp-content\/uploads\/2022\/11\/Ervaringen-KretaLeven-retraites-workshops-coaching-healing-Kreta.jpg) 50% 50% no-repeat scroll ;\n}\n<\/style>\n<div  class='flex_column av-k42dck-e3eecc2d5b6986eff4f78b8cd49af1ca av_one_full  avia-builder-el-0  el_before_av_one_full  avia-builder-el-first  first flex_column_div avia-full-stretch'     ><section  class='av_textblock_section av-lavm6n3d-b30eefe2772adc3716187486834117d0'   itemscope=\"itemscope\" itemtype=\"https:\/\/schema.org\/CreativeWork\" ><div class='avia_textblock'  itemprop=\"text\" ><p><span style=\"color: #ffffff;\"><span style=\"font-size: 300%;\">ERFAHRUNGEN<\/span><\/span><\/p>\n<h3><span style=\"color: #ffcc00;\">wat anderen over KretaLeven zeggen<\/span><\/h3>\n<\/div><\/section><\/div>\n\n<style type=\"text\/css\" data-created_by=\"avia_inline_auto\" id=\"style-css-av-1luj50-30aaf939a60e93d47a29b163caca099f\">\n.flex_column.av-1luj50-30aaf939a60e93d47a29b163caca099f{\n-webkit-border-radius:0px 0px 0px 0px;\n-moz-border-radius:0px 0px 0px 0px;\nborder-radius:0px 0px 0px 0px;\npadding:30px 0px 30px 0px;\n}\n<\/style>\n<div  class='flex_column av-1luj50-30aaf939a60e93d47a29b163caca099f av_one_full  avia-builder-el-2  el_after_av_one_full  el_before_av_one_full  first flex_column_div  column-top-margin'     ><section  class='av_textblock_section av-lavm8n3t-e37379743741cc268bca799a12079f90'   itemscope=\"itemscope\" itemtype=\"https:\/\/schema.org\/CreativeWork\" ><div class='avia_textblock'  itemprop=\"text\" ><h3 style=\"margin-top: 1.5em;\"><span style=\"color: #859aa0;\">Anouk vertelt over haar Kretareis in september&#8217;23:<\/span><\/h3>\n<p>&#8220;Een week Kreta is bijna niet uit te leggen in woorden. Ik sta vrij nuchter in het leven, mijn hart staat wel aan. Mijn hart is vaak niet bestemd voor de buitenwereld wat er van binnen gaande is. Beetje sceptisch, angstig ging ik deze retraite aan.<\/p>\n<p>Van te voren met Eva en J\u00f6rn kleine stukjes van mijn leven besproken, bij het halen van de prachtige sinaasappels uit Kreta in Nederland.<br \/>\nOp het moment dat ik (voor mij voor het eerst dit eiland) op Kreta aankom overdondert mij veel. Direct zie ik de prachtige natuur met zijn kleuren en de kleine dingen in de natuur. Mijn ogen zien veel en ik ruik ook veel van de prachtige natuur. Voor mij deed dit zien, direct wat met mijn gevoel.<\/p>\n<p>Een prachtig ontvangst van Eva en J\u00f6rn. Zij laten je meteen verder thuis voelen, vooral landen. Landen in het andere leven<br \/>\nWel een realistisch leven, direct gaat mijn onbewuste brein aan het werk\u2026.heel stilletjes.<\/p>\n<p>Ik heb mij direct veilig gevoeld bij Eva en J\u00f6rn. Ik ben ok\u00e9 en ik mag er zijn. Deze veiligheid als geborgenheid ben ik al die tijd blijven voelen! Voor mij was het programma heel goed afgesteld op werken aan mijzelf als ontspanning. De keuze was altijd aan mijzelf wat ik daarna ging doen. Tijd voor mijzelf of met de groep verder gaan. Eigenlijk heb ik altijd de keuze gehad in wat ik wel of niet wil!<br \/>\nDe groep is klein, dit zorgt ten alle tijden voor veiligheid en geborgenheid. Ook een band die je samen opbouwt. Ook dit is een prachtig proces om mee te maken.<\/p>\n<p>Deze retraite heeft mij veel opgeleverd. Ik ben weer thuis gekomen bij mijzelf. Op Kreta kan je vertragen, dit draagt ook bij aan herstel en in mijn eigen proces.<\/p>\n<p>Het eten op Kreta is fantastisch, alles puur en eerlijk en onbespoten. Ook dit heeft mij aan het denken gezet.<\/p>\n<p>Er is zoveel meer gebeurd; inwrijven met oli\u00ebn door Hanna is briljant. Ook zij ziet veel en heeft magische handen Met flessen en de kleuren werken, zonder veel woorden te gebruiken is een mooi proces. Sound of soul heb ik als zeer ontdekkend ervaren. Het werken met je handen, het schrijven\u2026.zoveel en deze schatten nam ik allemaal mee naar huis!<\/p>\n<p>Ik heb prachtige elementen aan deze retraite mee genomen voor mijzelf. Daar ik mijn hart heb open gesteld. Ik zie de kleine dingen weer, hobby\u2019s die weer terug komen door te herstellen. Liefst pak ik nu mijn honden (mijn dierbaren) op en ga direct terug. Het is zo fantastisch om te vertragen en bij mijzelf te komen.<\/p>\n<p>Ik ben dankbaar voor deze week, de liefde, veiligheid als geborgenheid te voelen. Ook daarna. Los laten is ook een proces, waarin Eva en J\u00f6rn ook veel in doen.<br \/>\nDan heb ik het nog eens niet over de zee gehad\u2026..ook die doet wat:<\/p>\n<p>De zee<\/p>\n<p>De zee die geeft<br \/>\nde zee die neemt<br \/>\nde zee die alle kleuren heeft<\/p>\n<p>De zee geeft<br \/>\nde zee neemt<br \/>\nde zee die alle stromingen kent<\/p>\n<p>Woorden die nu komen<br \/>\nlaat ze maar stromen<br \/>\ngeloof in jouw dromen<\/p>\n<p>De zee is het leven<br \/>\nde zee reinigt<br \/>\nde zee verlost<\/p>\n<p>Laat je drijven<br \/>\nals bevrijden\u2026\u2026<br \/>\ndoor de zee&#8221;<\/p>\n<h3 style=\"margin-top: 1.5em;\"><span style=\"color: #859aa0;\">Margret zegt over haar tijd op Kreta in maart&#8217;23:<\/span><\/h3>\n<p><span style=\"font-size: 16px;\">\u201cRuim 10 dagen mocht ik komen \u2018zijn\u2019 bij Eva en Elzanne op Kreta. Het was een heerlijk thuiskomen in mezelf. Er ontstonden mooie gesprekken, \u2018alle-tijd\u2019-wandelingen en fijne auro-soma momenten.\u00a0<\/span>Eva brengt je naar plekjes waar het leven eerlijk is, authentiek en puur. Ik kon er zorgeloos helemaal leven in het moment en wat is dat fant\u00e1stisch. Dankbaar kijk ik terug, op de hartelijke zorg en op me welkom voelen zoals ik ben.\u201d<\/p>\n<h3><span style=\"color: #859aa0;\">Corrie Wijkhuizen over haar bezoek:\u00a0<\/span><\/h3>\n<p>De week vloog voorbij en verwend en welgedaan keerden we voldaan<br \/>\nterug naar huis. Wat mij betreft was het een heerlijke week waarin<br \/>\nalle wezenlijke zaken de nodige aandacht kregen.<\/p>\n<p><a href=\"https:\/\/www.kretaleven.nl\/wp-content\/uploads\/2023\/06\/verslag-Kreta-Corrie-Wijkhuizen.pdf\" target=\"_blank\" rel=\"noopener\">Lees haar hele verslag&gt;<\/a><\/p>\n<h3 style=\"margin-top: 1.5em;\"><span style=\"color: #859aa0;\">Paul zegt over de olijfoogst week in november&#8217;22:<\/span><\/h3>\n<p><span style=\"font-size: 16px;\">\"Ich wollte schon immer Oliven auf Kreta ernten und in der letzten Woche im November war es soweit. Jeden Tag haben wir mit einer kleinen Gruppe von Menschen und nat\u00fcrlich Kostas, dem kretischen Biobauern, die Oliven mit Hilfe von speziellen Ger\u00e4ten aus den B\u00e4umen geerntet. Das Ergebnis waren ca. 2500 Kilo Oliven f\u00fcr mindestens mehr als 250 Liter Oliven\u00f6l, eine ganze Menge! Nach einer Woche zwischen den Olivenb\u00e4umen bin ich zufrieden nach Hause zur\u00fcckgekehrt.\"<\/span><\/p>\n<h3><span style=\"color: #859aa0;\">Renza erz\u00e4hlt \u00fcber die September'22-Woche:<\/span><\/h3>\n<p>\u201cEva, J\u00f6rn und ihr Team bieten eine liebevolle und ruhige Atmosph\u00e4re f\u00fcr das, was gesehen, geh\u00f6rt, geheilt und gen\u00e4hrt werden will. Damit sich das entfalten kann, was in diesem Moment wichtig ist, so dass ich meinen Lebensweg fortsetzen kann mit Erkenntnissen, die f\u00fcr den weiteren Verlauf meines Prozesses, (wieder) ein sehr vollst\u00e4ndiger Mensch zu werden, von gro\u00dfer Bedeutung sind.\"<\/p>\n<h3><span style=\"color: #859aa0;\">Esther sagt:<\/span><\/h3>\n<p>\"Gib dir Zeit, dich an diesem fernen Ort zu Hause zu f\u00fchlen, damit deine Seele die M\u00f6glichkeit hat, das zu leben, was gelebt werden will.\"<\/p>\n<h3><span style=\"color: #859aa0;\">Gedicht von einer anderen Esther:<\/span><\/h3>\n<p>\"Bringe deine \u00c4ngste ans Meer,<\/p>\n<p>Bring deine Wut auf den Berg,<\/p>\n<p>Bringe Deine W\u00fcnsche in den Himmel<\/p>\n<p>Und werde sanft  zu Dir selbst<\/p>\n<p>Und habe Dich selbst lieb.\"<\/p>\n<h3><span style=\"color: #859aa0;\">Liesbeth zegt over ons:<\/span><\/h3>\n<p>\"Eva und J\u00f6rn verstehen die Kunst des guten und integeren Handwerks im Bereich des Heilens. Sie wissen um die Bedeutung von Beziehungen, und bedienen sich imagin\u00e4ren und intuitiven Energien. Andere zu inspirieren ist f\u00fcr sie eine Selbstverst\u00e4ndlichkeit.\"<\/p>\n<\/div><\/section><\/div>\n<style type=\"text\/css\" data-created_by=\"avia_inline_auto\" id=\"style-css-av-aur9r8-ec819b85031fcfa238f0c281ce9fd261\">\n.flex_column.av-aur9r8-ec819b85031fcfa238f0c281ce9fd261{\n-webkit-border-radius:0px 0px 0px 0px;\n-moz-border-radius:0px 0px 0px 0px;\nborder-radius:0px 0px 0px 0px;\npadding:0px 0px 0px 0px;\nbackground:url(https:\/\/www.kretaleven.nl\/wp-content\/uploads\/2022\/09\/olijf-e1662391472542.png) 100% 100% no-repeat scroll ;\n}\n<\/style>\n<div  class='flex_column av-aur9r8-ec819b85031fcfa238f0c281ce9fd261 av_one_full  avia-builder-el-4  el_after_av_one_full  avia-builder-el-last  first flex_column_div av-zero-column-padding  column-top-margin'     ><p>\n<style type=\"text\/css\" data-created_by=\"avia_inline_auto\" id=\"style-css-av-1nn2c-425b74dd7727ce11749e5d361a33c464\">\n#top .hr.hr-invisible.av-1nn2c-425b74dd7727ce11749e5d361a33c464{\nheight:60px;\n}\n<\/style>\n<div  class='hr av-1nn2c-425b74dd7727ce11749e5d361a33c464 hr-invisible  avia-builder-el-5  el_before_av_buttonrow  avia-builder-el-first'><span class='hr-inner'><span class=\"hr-inner-style\"><\/span><\/span><\/div><br \/>\n<div  class='avia-buttonrow-wrap av-8ltthw-3bf4ee826c175777e3e0dece8b174514 avia-buttonrow-center  avia-builder-el-6  el_after_av_hr  el_before_av_hr'>\n\n<style type=\"text\/css\" data-created_by=\"avia_inline_auto\" id=\"style-css-av-7hlzl0-d8380c41119037e3b7a1090de24e619b\">\n#top #wrap_all .avia-button.av-7hlzl0-d8380c41119037e3b7a1090de24e619b{\nbackground-color:#93843f;\nborder-color:#ffffff;\nborder-style:solid;\nborder-width:2px 2px 2px 2px;\nbox-shadow: 0px 0px 40px 0px #9b9b9b;\n-webkit-transition:all 0.4s ease-in-out;\n-moz-transition:all 0.4s ease-in-out;\n-ms-transition:all 0.4s ease-in-out;\n-o-transition:all 0.4s ease-in-out;\ntransition:all 0.4s ease-in-out;\nmargin-bottom:13px;\nmargin-right:7px;\nmargin-left:7px;\n}\n#top #wrap_all .avia-button.av-7hlzl0-d8380c41119037e3b7a1090de24e619b:hover{\nbackground-color:white;\ncolor:black;\n-webkit-transition:all 0.4s ease-in-out;\n-moz-transition:all 0.4s ease-in-out;\n-ms-transition:all 0.4s ease-in-out;\n-o-transition:all 0.4s ease-in-out;\ntransition:all 0.4s ease-in-out;\n}\n<\/style>\n<a href='https:\/\/www.kretaleven.nl\/de\/new\/#contact'  class='avia-button av-7hlzl0-d8380c41119037e3b7a1090de24e619b avia-icon_select-no avia-size-large avia-font-color-theme-color'  ><span class='avia_iconbox_title' >KONTAKT<\/span><\/a>\n\n<style type=\"text\/css\" data-created_by=\"avia_inline_auto\" id=\"style-css-av-6lwvc4-a1c6bd40986e35154f4f83516789d3f2\">\n#top #wrap_all .avia-button.av-6lwvc4-a1c6bd40986e35154f4f83516789d3f2{\nborder-style:solid;\nborder-width:2px 2px 2px 2px;\nborder-color:#bcac51;\nbox-shadow: 0px 0px 40px 0px #9b9b9b;\n-webkit-transition:all 0.4s ease-in-out;\n-moz-transition:all 0.4s ease-in-out;\n-ms-transition:all 0.4s ease-in-out;\n-o-transition:all 0.4s ease-in-out;\ntransition:all 0.4s ease-in-out;\nmargin-bottom:13px;\nmargin-right:7px;\nmargin-left:7px;\n}\n#top #wrap_all .avia-button.av-6lwvc4-a1c6bd40986e35154f4f83516789d3f2:hover{\ncolor:#e8b643;\n-webkit-transition:all 0.4s ease-in-out;\n-moz-transition:all 0.4s ease-in-out;\n-ms-transition:all 0.4s ease-in-out;\n-o-transition:all 0.4s ease-in-out;\ntransition:all 0.4s ease-in-out;\n}\n<\/style>\n<a href='https:\/\/www.kretaleven.nl\/de\/new\/'  class='avia-button av-6lwvc4-a1c6bd40986e35154f4f83516789d3f2 avia-icon_select-no avia-size-large avia-color-white avia-font-color-black'  ><span class='avia_iconbox_title' >HOME<\/span><span class='avia_button_background avia-button avia-color-light' ><\/span><\/a>\n<\/div><br \/>\n\n<style type=\"text\/css\" data-created_by=\"avia_inline_auto\" id=\"style-css-av-1z5csk-28c1386f6498653b1d05be202cc4d402\">\n#top .hr.hr-invisible.av-1z5csk-28c1386f6498653b1d05be202cc4d402{\nheight:60px;\n}\n<\/style>\n<div  class='hr av-1z5csk-28c1386f6498653b1d05be202cc4d402 hr-invisible  avia-builder-el-7  el_after_av_buttonrow  avia-builder-el-last'><span class='hr-inner'><span class=\"hr-inner-style\"><\/span><\/span><\/div><\/p><\/div><\/p>","protected":false},"excerpt":{"rendered":"","protected":false},"author":2,"featured_media":0,"parent":2263,"menu_order":0,"comment_status":"closed","ping_status":"closed","template":"","meta":{"footnotes":""},"_links":{"self":[{"href":"https:\/\/www.kretaleven.nl\/de\/wp-json\/wp\/v2\/pages\/2596"}],"collection":[{"href":"https:\/\/www.kretaleven.nl\/de\/wp-json\/wp\/v2\/pages"}],"about":[{"href":"https:\/\/www.kretaleven.nl\/de\/wp-json\/wp\/v2\/types\/page"}],"author":[{"embeddable":true,"href":"https:\/\/www.kretaleven.nl\/de\/wp-json\/wp\/v2\/users\/2"}],"replies":[{"embeddable":true,"href":"https:\/\/www.kretaleven.nl\/de\/wp-json\/wp\/v2\/comments?post=2596"}],"version-history":[{"count":14,"href":"https:\/\/www.kretaleven.nl\/de\/wp-json\/wp\/v2\/pages\/2596\/revisions"}],"predecessor-version":[{"id":3218,"href":"https:\/\/www.kretaleven.nl\/de\/wp-json\/wp\/v2\/pages\/2596\/revisions\/3218"}],"up":[{"embeddable":true,"href":"https:\/\/www.kretaleven.nl\/de\/wp-json\/wp\/v2\/pages\/2263"}],"wp:attachment":[{"href":"https:\/\/www.kretaleven.nl\/de\/wp-json\/wp\/v2\/media?parent=2596"}],"curies":[{"name":"wp","href":"https:\/\/api.w.org\/{rel}","templated":true}]}}