{"id":2606,"date":"2022-11-24T23:10:30","date_gmt":"2022-11-24T22:10:30","guid":{"rendered":"https:\/\/www.kretaleven.nl\/?page_id=2606"},"modified":"2023-06-11T17:11:35","modified_gmt":"2023-06-11T15:11:35","slug":"lokaal-en-duurzaam","status":"publish","type":"page","link":"https:\/\/www.kretaleven.nl\/de\/new\/lokaal-en-duurzaam\/","title":{"rendered":"Lokal und nachhaltig"},"content":{"rendered":"<style type=\"text\/css\" data-created_by=\"avia_inline_auto\" id=\"style-css-av-ko7gr2-7b19a52dfc5c15f1bdaae4b481701b76\">\n.flex_column.av-ko7gr2-7b19a52dfc5c15f1bdaae4b481701b76{\n-webkit-border-radius:0px 0px 0px 0px;\n-moz-border-radius:0px 0px 0px 0px;\nborder-radius:0px 0px 0px 0px;\npadding:120px 30px 120px 30px;\nbackground:url(https:\/\/www.kretaleven.nl\/wp-content\/uploads\/2022\/11\/Lokaal-en-duurzaam-KretaLeven-retraites-workshops-coaching-healing-Kreta.jpg) 50% 0% no-repeat scroll ;\n}\n<\/style>\n<div  class='flex_column av-ko7gr2-7b19a52dfc5c15f1bdaae4b481701b76 av_one_full  avia-builder-el-0  el_before_av_one_full  avia-builder-el-first  first flex_column_div avia-full-stretch'     ><section  class='av_textblock_section av-lavmmrcf-b1c1f3afa717b28b5f314c5497241897'   itemscope=\"itemscope\" itemtype=\"https:\/\/schema.org\/CreativeWork\" ><div class='avia_textblock'  itemprop=\"text\" ><p><span style=\"color: #ffffff;\"><span style=\"font-size: 300%;\">LOKAL UND NACHHALTIG<\/span><\/span><\/p>\n<h3><span style=\"color: #ffcc00;\">F\u00fcr eine bessere, weil nachhaltige Zukunft<\/span><\/h3>\n<\/div><\/section><\/div>\n\n<style type=\"text\/css\" data-created_by=\"avia_inline_auto\" id=\"style-css-av-g3woni-a861cc4600ff2327f9459cb6dbee0922\">\n.flex_column.av-g3woni-a861cc4600ff2327f9459cb6dbee0922{\n-webkit-border-radius:0px 0px 0px 0px;\n-moz-border-radius:0px 0px 0px 0px;\nborder-radius:0px 0px 0px 0px;\npadding:30px 0px 30px 0px;\n}\n<\/style>\n<div  class='flex_column av-g3woni-a861cc4600ff2327f9459cb6dbee0922 av_one_full  avia-builder-el-2  el_after_av_one_full  el_before_av_one_full  first flex_column_div  column-top-margin'     ><section  class='av_textblock_section av-lavmosbk-a6e13740a226ef4b1abff40b54e1fb9f'   itemscope=\"itemscope\" itemtype=\"https:\/\/schema.org\/CreativeWork\" ><div class='avia_textblock'  itemprop=\"text\" ><p>Lokale Globalisierung \u2013 Wir treten mit den Menschen hier auf Kreta in Kontakt. Wir entwickeln Aktivit\u00e4ten mit unseren Nachbarn, lokalen Produzenten und Landwirten und f\u00fcr Menschen, die an pers\u00f6nlicher Entwicklung interessiert sind.<\/p>\n<p>Wir investieren in unser Netzwerk und bieten unser Wissen und K\u00f6nnen im p\u00e4dagogischen und therapeutischen Bereich an wie z.B. Sound of Soul, (Farb-)Coaching, Lebensberatung und Traumaarbeit, (Waldorf-)P\u00e4dagogik und Anthroposophie.<\/p>\n<p>Wir streben die gegenseitige und gleichberechtigte Inspiration an und wollen in die lokale und nachhaltige Produktionskette integrieren. Wir legen gro\u00dfen Wert auf die pers\u00f6nlichen Beziehungen zu lokalen und biologischen Produzenten und unseren Kunden und Klienten in den Niederlanden und Deutschland.<\/p>\n<p>Lese mehr in unserem Blog.<\/p>\n<\/div><\/section><\/div>\n<style type=\"text\/css\" data-created_by=\"avia_inline_auto\" id=\"style-css-av-bg2di6-5d93399facdcb788c6ad3ad2c5ace944\">\n.flex_column.av-bg2di6-5d93399facdcb788c6ad3ad2c5ace944{\n-webkit-border-radius:0px 0px 0px 0px;\n-moz-border-radius:0px 0px 0px 0px;\nborder-radius:0px 0px 0px 0px;\npadding:0px 0px 0px 0px;\nbackground:url(https:\/\/www.kretaleven.nl\/wp-content\/uploads\/2022\/09\/olijf-e1662391472542.png) 100% 100% no-repeat scroll ;\n}\n<\/style>\n<div  class='flex_column av-bg2di6-5d93399facdcb788c6ad3ad2c5ace944 av_one_full  avia-builder-el-4  el_after_av_one_full  avia-builder-el-last  first flex_column_div av-zero-column-padding  column-top-margin'     ><p>\n<style type=\"text\/css\" data-created_by=\"avia_inline_auto\" id=\"style-css-av-3laz66-2ca3f1cc79f0a41f8eaab6b1bf630ad1\">\n#top .hr.hr-invisible.av-3laz66-2ca3f1cc79f0a41f8eaab6b1bf630ad1{\nheight:60px;\n}\n<\/style>\n<div  class='hr av-3laz66-2ca3f1cc79f0a41f8eaab6b1bf630ad1 hr-invisible  avia-builder-el-5  el_before_av_buttonrow  avia-builder-el-first'><span class='hr-inner'><span class=\"hr-inner-style\"><\/span><\/span><\/div><br \/>\n<div  class='avia-buttonrow-wrap av-9e9p2m-80b8a4eb94201ae4ef8b47f266bd3411 avia-buttonrow-center  avia-builder-el-6  el_after_av_hr  el_before_av_hr'>\n\n<style type=\"text\/css\" data-created_by=\"avia_inline_auto\" id=\"style-css-av-7feoni-47bc1f7ee19abffa69ce5f1dc5110651\">\n#top #wrap_all .avia-button.av-7feoni-47bc1f7ee19abffa69ce5f1dc5110651{\nbackground-color:#93843f;\nborder-color:#ffffff;\nborder-style:solid;\nborder-width:2px 2px 2px 2px;\nbox-shadow: 0px 0px 40px 0px #9b9b9b;\n-webkit-transition:all 0.4s ease-in-out;\n-moz-transition:all 0.4s ease-in-out;\n-ms-transition:all 0.4s ease-in-out;\n-o-transition:all 0.4s ease-in-out;\ntransition:all 0.4s ease-in-out;\nmargin-bottom:13px;\nmargin-right:7px;\nmargin-left:7px;\n}\n#top #wrap_all .avia-button.av-7feoni-47bc1f7ee19abffa69ce5f1dc5110651:hover{\nbackground-color:white;\ncolor:black;\n-webkit-transition:all 0.4s ease-in-out;\n-moz-transition:all 0.4s ease-in-out;\n-ms-transition:all 0.4s ease-in-out;\n-o-transition:all 0.4s ease-in-out;\ntransition:all 0.4s ease-in-out;\n}\n<\/style>\n<a href='https:\/\/www.kretaleven.nl\/de\/new\/#contact'  class='avia-button av-7feoni-47bc1f7ee19abffa69ce5f1dc5110651 avia-icon_select-no avia-size-large avia-font-color-theme-color'  ><span class='avia_iconbox_title' >KONTAKT<\/span><\/a>\n\n<style type=\"text\/css\" data-created_by=\"avia_inline_auto\" id=\"style-css-av-5d4fi6-5328f96698a319a8c861ba981a8774a9\">\n#top #wrap_all .avia-button.av-5d4fi6-5328f96698a319a8c861ba981a8774a9{\nborder-style:solid;\nborder-width:2px 2px 2px 2px;\nborder-color:#bcac51;\nbox-shadow: 0px 0px 40px 0px #9b9b9b;\n-webkit-transition:all 0.4s ease-in-out;\n-moz-transition:all 0.4s ease-in-out;\n-ms-transition:all 0.4s ease-in-out;\n-o-transition:all 0.4s ease-in-out;\ntransition:all 0.4s ease-in-out;\nmargin-bottom:13px;\nmargin-right:7px;\nmargin-left:7px;\n}\n#top #wrap_all .avia-button.av-5d4fi6-5328f96698a319a8c861ba981a8774a9:hover{\ncolor:#e8b643;\n-webkit-transition:all 0.4s ease-in-out;\n-moz-transition:all 0.4s ease-in-out;\n-ms-transition:all 0.4s ease-in-out;\n-o-transition:all 0.4s ease-in-out;\ntransition:all 0.4s ease-in-out;\n}\n<\/style>\n<a href='https:\/\/www.kretaleven.nl\/de\/new\/'  class='avia-button av-5d4fi6-5328f96698a319a8c861ba981a8774a9 avia-icon_select-no avia-size-large avia-color-white avia-font-color-black'  ><span class='avia_iconbox_title' >HOME<\/span><span class='avia_button_background avia-button avia-color-light' ><\/span><\/a>\n<\/div><br \/>\n\n<style type=\"text\/css\" data-created_by=\"avia_inline_auto\" id=\"style-css-av-29dd9a-e55f103bd24ef73d9132c61a59fd6764\">\n#top .hr.hr-invisible.av-29dd9a-e55f103bd24ef73d9132c61a59fd6764{\nheight:60px;\n}\n<\/style>\n<div  class='hr av-29dd9a-e55f103bd24ef73d9132c61a59fd6764 hr-invisible  avia-builder-el-7  el_after_av_buttonrow  avia-builder-el-last'><span class='hr-inner'><span class=\"hr-inner-style\"><\/span><\/span><\/div><\/p><\/div><\/p>","protected":false},"excerpt":{"rendered":"","protected":false},"author":2,"featured_media":0,"parent":2263,"menu_order":0,"comment_status":"closed","ping_status":"closed","template":"","meta":{"footnotes":""},"_links":{"self":[{"href":"https:\/\/www.kretaleven.nl\/de\/wp-json\/wp\/v2\/pages\/2606"}],"collection":[{"href":"https:\/\/www.kretaleven.nl\/de\/wp-json\/wp\/v2\/pages"}],"about":[{"href":"https:\/\/www.kretaleven.nl\/de\/wp-json\/wp\/v2\/types\/page"}],"author":[{"embeddable":true,"href":"https:\/\/www.kretaleven.nl\/de\/wp-json\/wp\/v2\/users\/2"}],"replies":[{"embeddable":true,"href":"https:\/\/www.kretaleven.nl\/de\/wp-json\/wp\/v2\/comments?post=2606"}],"version-history":[{"count":7,"href":"https:\/\/www.kretaleven.nl\/de\/wp-json\/wp\/v2\/pages\/2606\/revisions"}],"predecessor-version":[{"id":3063,"href":"https:\/\/www.kretaleven.nl\/de\/wp-json\/wp\/v2\/pages\/2606\/revisions\/3063"}],"up":[{"embeddable":true,"href":"https:\/\/www.kretaleven.nl\/de\/wp-json\/wp\/v2\/pages\/2263"}],"wp:attachment":[{"href":"https:\/\/www.kretaleven.nl\/de\/wp-json\/wp\/v2\/media?parent=2606"}],"curies":[{"name":"wp","href":"https:\/\/api.w.org\/{rel}","templated":true}]}}